{"id":795,"date":"2022-02-23T17:32:32","date_gmt":"2022-02-23T16:32:32","guid":{"rendered":"https:\/\/cleanfleet.ch\/?page_id=795"},"modified":"2025-09-19T14:17:59","modified_gmt":"2025-09-19T12:17:59","slug":"oekostrom-und-biogas","status":"publish","type":"page","link":"https:\/\/cleanfleet.ch\/fr\/ueber-clean-fleet\/oekostrom-und-biogas\/","title":{"rendered":"\u00c9lectricit\u00e9 verte certifi\u00e9e et biogaz"},"content":{"rendered":"<p>Avec Clean Fleet, les flottes roulent \u00e0 l'\u00e9lectricit\u00e9 verte certifi\u00e9e et avec une part de biogaz librement choisie.<\/p>\n\n\n\n<p>Contenu:<\/p>\n\n\n\n<ul class=\"wp-block-list\">\n<li><a href=\"#okostrom\" data-type=\"internal\" data-id=\"#okostrom\">\u00c9lectricit\u00e9 verte certifi\u00e9e<\/a><\/li>\n\n\n\n<li><a href=\"#biogas\" data-type=\"internal\" data-id=\"#biogas\">Biogaz<\/a><\/li>\n<\/ul>\n\n\n\n<div style=\"height:41px\" aria-hidden=\"true\" class=\"wp-block-spacer\"><\/div>\n\n\n\n<h4 class=\"wp-block-heading\" id=\"okostrom\">Clean Fleet encourage l'utilisation d'\u00e9lectricit\u00e9 verte certifi\u00e9e<\/h4>\n\n\n\n<p>La protection du climat et la pr\u00e9servation de la biodiversit\u00e9 sont deux objectifs environnementaux majeurs. Ils sont \u00e9troitement li\u00e9s et doivent \u00eatre abord\u00e9s de mani\u00e8re coordonn\u00e9e. Les rapports du Groupe d'experts intergouvernemental sur l'\u00e9volution du climat (GIEC) et du Conseil mondial de la biodiversit\u00e9 (IPBES) indiquent clairement que la perte des esp\u00e8ces et le r\u00e9chauffement climatique comptent parmi les plus grandes menaces. La richesse des esp\u00e8ces, ainsi que les \u00e9cosyst\u00e8mes intacts contribuent \u00e0 att\u00e9nuer les effets n\u00e9gatifs du changement climatique. Les zones avec une riche biodiversit\u00e9 constituent souvent de grands r\u00e9servoirs de carbone, par exemple les marais ou les zones alluviales.<\/p>\n\n\n\n<h5 class=\"wp-block-heading\" id=\"okostrom-ist-mehr-als-erneuerbarer-strom\">\u00c9lectricit\u00e9 renouvelable n\u2019est pas \u00e9gale \u00e0 \u00e9lectricit\u00e9 verte<\/h5>\n\n\n\n<p>L'\u00e9lectricit\u00e9 renouvelable est un premier pas pour abandonner l\u2019\u00e9nergie fossile. Cependant, des probl\u00e8mes environnementaux subsistent. L'utilisation de l'hydro\u00e9lectricit\u00e9 alt\u00e8re l'\u00e9tat de nombreux cours d'eau. \u00c0 l'avenir, la pression sur les lacs et rivi\u00e8res devrait encore augmenter en raison de l'expansion de l'hydro\u00e9lectricit\u00e9.<\/p>\n\n\n\n<p class=\"translation-block\">L'\u00e9lectricit\u00e9 verte certifi\u00e9e \u00abnaturemade star\u00bb est nettement plus \u00e9cologique que l'\u00e9lectricit\u00e9 renouvelable. Elle prot\u00e8ge le climat, <strong> ainsi<\/strong> que la nature. Cette \u00e9lectricit\u00e9 provient exclusivement de centrales hydro\u00e9lectriques, solaires, \u00e9oliennes ou de biomasse certifi\u00e9es. Ces centrales r\u00e9pondent \u00e0 des exigences environnementales strictes pour pr\u00e9server autant que possible la biosph\u00e8re pour la flore et la faune entourant les installations. En Europe, le label \u00abnaturemade star\u00bb est le plus strict pour l'\u00e9lectricit\u00e9 verte.<\/p>\n\n\n\n<p>Pour plus d\u2019informations: <a rel=\"noreferrer noopener\" href=\"https:\/\/www.bafu.admin.ch\/dam\/bafu\/fr\/dokumente\/allgemein\/uz-umwelt-zustand\/umwelt-schweiz-2018.pdf.download.pdf\/Umweltbericht2018_F.pdf\" data-type=\"URL\" data-id=\"https:\/\/www.bafu.admin.ch\/dam\/bafu\/de\/dokumente\/allgemein\/uz-umwelt-zustand\/umwelt-schweiz-2018.pdf.download.pdf\/Umweltbericht2018_D.pdf\" target=\"_blank\">Rapport f\u00e9d\u00e9ral sur l'environnement 2018 (pages 107 \u00e0 117)<\/a><a rel=\"noreferrer noopener\" href=\"https:\/\/www.naturemade.ch\/fr\/?no-redirect\" data-type=\"URL\" data-id=\"https:\/\/www.naturemade.ch\/de\/\" target=\"_blank\"><img decoding=\"async\" class=\"wp-image-652\" src=\"https:\/\/cleanfleet.ch\/wp-content\/uploads\/2021\/07\/naturemade_star_cmjn.tif\" alt=\"\"><\/a><\/p>\n\n\n\n<h5 class=\"wp-block-heading\" id=\"block-e1391bbe-5e56-4e6f-894f-1b24dd38087b\"><img loading=\"lazy\" decoding=\"async\" width=\"150\" height=\"81\" class=\"wp-image-831\" style=\"width: 150px;\" src=\"https:\/\/cleanfleet.ch\/wp-content\/uploads\/2022\/03\/VUE_Logo_Star_DE_RGB.png\" alt=\"\" srcset=\"https:\/\/cleanfleet.ch\/wp-content\/uploads\/2022\/03\/VUE_Logo_Star_DE_RGB.png 285w, https:\/\/cleanfleet.ch\/wp-content\/uploads\/2022\/03\/VUE_Logo_Star_DE_RGB-18x10.png 18w\" sizes=\"auto, (max-width: 150px) 100vw, 150px\" \/><\/h5>\n\n\n\n<div class=\"wp-block-group\"><div class=\"wp-block-group__inner-container is-layout-flow wp-block-group-is-layout-flow\"><\/div><\/div>\n\n\n\n<div style=\"height:41px\" aria-hidden=\"true\" class=\"wp-block-spacer\"><\/div>\n\n\n\n<h5 class=\"wp-block-heading\" id=\"okostrom-gibt-der-natur-etwas-zuruck\">L'\u00e9lectricit\u00e9, un b\u00e9n\u00e9fice pour la nature<\/h5>\n\n\n\n<p>L'\u00e9lectricit\u00e9 verte rend quelque chose \u00e0 la nature. Pour chaque kilowattheure d'\u00e9lectricit\u00e9 vendue \u00e0 partir de centrales hydro\u00e9lectriques certifi\u00e9es \u00abnaturemade star\u00bb, un centime est revers\u00e9 \u00e0 un fonds \u00e9cologique. Celui-ci finance des revalorisations \u00e9cologiques \u00e0 proximit\u00e9 des centrales \u00e9lectriques. De nouveaux espaces de vie sont cr\u00e9\u00e9s qui favorisent la biodiversit\u00e9.<\/p>\n\n\n\n<p>Exemples:<\/p>\n\n\n\n<ul class=\"wp-block-list\">\n<li>Renaturer et revitaliser les berges et les anciens cours d\u2019eau<\/li>\n\n\n\n<li>Construire de nouveaux \u00e9tangs<\/li>\n\n\n\n<li>Promouvoir, pr\u00e9server et revitaliser les paysages des zones alluviales et les marais<\/li>\n\n\n\n<li>Installer des escaliers \u00e0 poissons et castors<\/li>\n<\/ul>\n\n\n\n<div class=\"wp-block-spacer\" aria-hidden=\"true\">&nbsp;<\/div>\n\n\n\n<figure class=\"wp-block-image is-resized\"><img decoding=\"async\" src=\"https:\/\/cleanfleet.ch\/wp-content\/uploads\/2021\/08\/Beispiele_naturemade_star_FR-scaled.jpg\" alt=\"\" class=\"wp-image-690\" height=\"726\" srcset=\"https:\/\/cleanfleet.ch\/wp-content\/uploads\/2021\/08\/Beispiele_naturemade_star_FR-scaled.jpg 2560w, https:\/\/cleanfleet.ch\/wp-content\/uploads\/2021\/08\/Beispiele_naturemade_star_FR-300x270.jpg 300w, https:\/\/cleanfleet.ch\/wp-content\/uploads\/2021\/08\/Beispiele_naturemade_star_FR-1024x922.jpg 1024w, https:\/\/cleanfleet.ch\/wp-content\/uploads\/2021\/08\/Beispiele_naturemade_star_FR-768x691.jpg 768w, https:\/\/cleanfleet.ch\/wp-content\/uploads\/2021\/08\/Beispiele_naturemade_star_FR-1536x1382.jpg 1536w, https:\/\/cleanfleet.ch\/wp-content\/uploads\/2021\/08\/Beispiele_naturemade_star_FR-2048x1843.jpg 2048w, https:\/\/cleanfleet.ch\/wp-content\/uploads\/2021\/08\/Beispiele_naturemade_star_FR-13x12.jpg 13w\" sizes=\"(max-width: 698px) 100vw, 698px\" \/><\/figure>\n\n\n\n<div class=\"wp-block-spacer\" aria-hidden=\"true\">&nbsp;<\/div>\n\n\n\n<p>Chaque ann\u00e9e, environ 10 millions de francs sont investis dans des am\u00e9liorations \u00e9cologiques. Cela signifie que 15 kilom\u00e8tres de rivi\u00e8res et de berges lacustres peuvent \u00eatre redynamis\u00e9s et 30 hectares d'espaces de vie naturelle peuvent \u00eatre revitalis\u00e9s ou nouvellement cr\u00e9\u00e9s.<\/p>\n\n\n\n<pre class=\"wp-block-verse\"><strong>Une flotte Clean Fleet de 10 voitures \u00e9lectriques permet de revitaliser 200 m<sup>2<\/sup>&nbsp;d\u2019habitat naturel.<\/strong>*<\/pre>\n\n\n\n<div style=\"height:27px\" aria-hidden=\"true\" class=\"wp-block-spacer\"><\/div>\n\n\n\n<h5 class=\"wp-block-heading\" id=\"kleiner-aufpreis-grosser-gewinn-fur-die-natur\"><strong>Petit suppl\u00e9ment de prix \u2013 gros gain pour la nature<\/strong><\/h5>\n\n\n\n<p>Le prix des carburants fossiles est \u00e9lev\u00e9. De plus, il a \u00e9t\u00e9 sujet \u00e0 de fortes fluctuations durant la derni\u00e8re d\u00e9cennie. Dans la comptabilit\u00e9 d'une entreprise, les co\u00fbts li\u00e9s au carburant ne sont pas anodins.<\/p>\n\n\n\n<p>En revanche, les co\u00fbts \u00e9nerg\u00e9tiques des voitures \u00e9lectriques sont bien inf\u00e9rieurs. Le co\u00fbt suppl\u00e9mentaire pour l'\u00e9lectricit\u00e9 verte \u00abnaturemade star\u00bb est minime. En effet, le suppl\u00e9ment est nettement plus faible que les fluctuations des prix de l'essence ou du diesel. Par contre, le b\u00e9n\u00e9fice pour la nature est substantiel!<\/p>\n\n\n\n<figure class=\"wp-block-image\"><img loading=\"lazy\" decoding=\"async\" width=\"1076\" height=\"960\" src=\"https:\/\/cleanfleet.ch\/wp-content\/uploads\/2021\/08\/cleanfleet_energiekostenvergleich2021_F_neu.jpg\" alt=\"\" class=\"wp-image-696\" srcset=\"https:\/\/cleanfleet.ch\/wp-content\/uploads\/2021\/08\/cleanfleet_energiekostenvergleich2021_F_neu.jpg 1654w, https:\/\/cleanfleet.ch\/wp-content\/uploads\/2021\/08\/cleanfleet_energiekostenvergleich2021_F_neu-300x268.jpg 300w, https:\/\/cleanfleet.ch\/wp-content\/uploads\/2021\/08\/cleanfleet_energiekostenvergleich2021_F_neu-1024x914.jpg 1024w, https:\/\/cleanfleet.ch\/wp-content\/uploads\/2021\/08\/cleanfleet_energiekostenvergleich2021_F_neu-768x685.jpg 768w, https:\/\/cleanfleet.ch\/wp-content\/uploads\/2021\/08\/cleanfleet_energiekostenvergleich2021_F_neu-1536x1371.jpg 1536w, https:\/\/cleanfleet.ch\/wp-content\/uploads\/2021\/08\/cleanfleet_energiekostenvergleich2021_F_neu-13x12.jpg 13w\" sizes=\"auto, (max-width: 1076px) 100vw, 1076px\" \/><\/figure>\n\n\n\n<p>Source des donn\u00e9es: Shell, Repower<\/p>\n\n\n\n<div style=\"height:20px\" aria-hidden=\"true\" class=\"wp-block-spacer\"><\/div>\n\n\n\n<h5 class=\"wp-block-heading translation-block\" id=\"co2-wert-von-elektrofahrzeugen-im-clean-fleet-tool\">Valeur CO<sub>2<\/sub> des v\u00e9hicules \u00e9lectriques<\/h5>\n\n\n\n<p>Pour les v\u00e9hicules \u00e9lectriques, l'outil en ligne de Clean Fleet comptabilise 0 gramme d'\u00e9missions de CO<sub>2<\/sub>. Sans que cela ne soit une obligation, Clean Fleet encourage n\u00e9anmoins l'achat d'\u00e9lectricit\u00e9 verte certifi\u00e9e. Dans l'outil, l'utilisateur peut soit t\u00e9l\u00e9charger une preuve d'achat d\u2019\u00e9lectricit\u00e9 verte certifi\u00e9e, soit en commander directement via PLUG'N'ROLL \/ Repower, le partenaire de Clean Fleet.<\/p>\n\n\n\n<h5 class=\"wp-block-heading\" id=\"block-e1391bbe-5e56-4e6f-894f-1b24dd38087b\"><a href=\"https:\/\/plugnroll.com\/fr\/\" data-type=\"URL\" data-id=\"https:\/\/plugnroll.com\/clean-fleet-und-plugnroll-spannen-zusammen\/\" target=\"_blank\" rel=\"noreferrer noopener\"><img decoding=\"async\" class=\"wp-image-800\" style=\"width: 200px;\" src=\"https:\/\/cleanfleet.ch\/wp-content\/uploads\/2022\/02\/repower_claim_CMYK_dt.svg\" alt=\"\"><\/a><\/h5>\n\n\n\n<div style=\"height:41px\" aria-hidden=\"true\" class=\"wp-block-spacer\"><\/div>\n\n\n\n<p><em>* Par v\u00e9hicule : 20 000 km\/an ; 4 000 kWh\/an ; Dur\u00e9e de la flotte : 4 ans<\/em><\/p>\n\n\n\n<div style=\"height:18px\" aria-hidden=\"true\" class=\"wp-block-spacer\"><\/div>\n\n\n\n<div style=\"height:31px\" aria-hidden=\"true\" class=\"wp-block-spacer\"><\/div>\n\n\n\n<h4 class=\"wp-block-heading translation-block\" id=\"biogas\">Biogaz: Plus la part de biogaz est \u00e9lev\u00e9e, moins de CO<sub>2<\/sub> est \u00e9mis<\/h4>\n\n\n\n<p class=\"translation-block\">Les v\u00e9hicules \u00e0 gaz bivalents sont aliment\u00e9s en biogaz \u00e0 hauteur d'un cinqui\u00e8me dans le r\u00e9seau gazier suisse. Plus la quantit\u00e9 de biogaz utilis\u00e9e est importante, plus les \u00e9missions de CO<sub>2<\/sub> diminuent.<\/p>\n\n\n\n<h5 class=\"wp-block-heading\"><strong>Le biogaz est une \u00e9nergie renouvelable<\/strong><\/h5>\n\n\n\n<p>Le biogaz est produit par la fermentation de d\u00e9chets organiques tels que les d\u00e9chets verts ou les boues d'\u00e9puration. Une tonne de d\u00e9chets biologiques permet de produire 50 \u00e0 300 m\u00e8tres cubes de biogaz, contre 25 m\u00e8tres cubes par tonne pour le lisier. Avec une tonne de biod\u00e9chets, les v\u00e9hicules au gaz naturel parcourent en moyenne plus de 1\u2019600 km sans impact sur le climat.**<\/p>\n\n\n\n<p class=\"translation-block\">Il est \u00e9galement possible de produire du gaz synth\u00e9tique ou du gaz renouvelable \u00e0 partir de l'\u00e9lectricit\u00e9 renouvelable exc\u00e9dentaire (proc\u00e9d\u00e9 Power-to-Gas). <a href=\"https:\/\/gazenergie.ch\/fileadmin\/user_upload\/video\/GE-Erneuerbare-Gase\/Biogaz-Facts-Figures_F.mp4\" target=\"_self\">La vid\u00e9o de l'Association Suisse de l'Industrie Gazi\u00e8re (ASIG, gaz energie)<\/a> (partenaire de Clean Fleet) explique le processus de production de gaz renouvelable.<\/p>\n\n\n\n<p class=\"translation-block\"><strong>Le biogaz neutre en CO<sub>2<\/sub> pr\u00e9sente le meilleur \u00e9cobilan de tous les carburants pour v\u00e9hicules.<\/strong><\/p>\n\n\n\n<div style=\"height:14px\" aria-hidden=\"true\" class=\"wp-block-spacer\"><\/div>\n\n\n\n<h5 class=\"wp-block-heading\" id=\"mit-biogas-erdgas-kosten-sparen\"><strong>R\u00e9duire les co\u00fbts avec le biogaz \/ gaz naturel<\/strong><\/h5>\n\n\n\n<p>Par rapport aux voitures diesel et essence, les v\u00e9hicules \u00e0 gaz permettent de r\u00e9aliser des \u00e9conomies. Cela s'explique notamment par la taxe sur les huiles min\u00e9rales, qui est r\u00e9duite sur les carburants au gaz naturel. Le biogaz est totalement exon\u00e9r\u00e9 de la taxe sur les huiles min\u00e9rales.<\/p>\n\n\n\n<figure class=\"wp-block-image size-large\"><img loading=\"lazy\" decoding=\"async\" width=\"1024\" height=\"914\" src=\"https:\/\/cleanfleet.ch\/wp-content\/uploads\/2022\/03\/cleanfleet_energiekostenGAS2022_F_final.jpg\" alt=\"\" class=\"wp-image-854\" srcset=\"https:\/\/cleanfleet.ch\/wp-content\/uploads\/2022\/03\/cleanfleet_energiekostenGAS2022_F_final.jpg 1200w, https:\/\/cleanfleet.ch\/wp-content\/uploads\/2022\/03\/cleanfleet_energiekostenGAS2022_F_final-300x268.jpg 300w, https:\/\/cleanfleet.ch\/wp-content\/uploads\/2022\/03\/cleanfleet_energiekostenGAS2022_F_final-1024x914.jpg 1024w, https:\/\/cleanfleet.ch\/wp-content\/uploads\/2022\/03\/cleanfleet_energiekostenGAS2022_F_final-768x685.jpg 768w, https:\/\/cleanfleet.ch\/wp-content\/uploads\/2022\/03\/cleanfleet_energiekostenGAS2022_F_final-13x12.jpg 13w\" sizes=\"auto, (max-width: 1024px) 100vw, 1024px\" \/><\/figure>\n\n\n\n<p><em>Hypoth\u00e8se: distance parcourue par voiture de 20'000 km\/an<\/em><\/p>\n\n\n\n<div style=\"height:30px\" aria-hidden=\"true\" class=\"wp-block-spacer\"><\/div>\n\n\n\n<h5 class=\"wp-block-heading translation-block\" id=\"co2-wert-von-gasfahrzeugen-im-clean-fleet-tool\">Valeur CO<sub>2<\/sub> des v\u00e9hicules \u00e0 gaz<\/h5>\n\n\n\n<p class=\"translation-block\">Pour les v\u00e9hicules \u00e0 gaz, l'outil en ligne de Clean Fleet calcule une valeur CO<sub>2<\/sub> en partant d'un rapport de 80\/20 pour le gaz naturel resp. le biogaz. Les entreprises Clean Fleet peuvent augmenter librement la part de biogaz dans l'outil en ligne et saisir le justificatif correspondant. Les \u00e9missions de CO<sub>2<\/sub> de la flotte d'entreprise peuvent ainsi \u00eatre r\u00e9duites.<\/p>\n\n\n\n<div style=\"height:21px\" aria-hidden=\"true\" class=\"wp-block-spacer\"><\/div>\n\n\n\n<p><em>** 1 m\u00e8tre cube de biogaz correspond \u00e0 0,6 litre de carburant pour les v\u00e9hicules au gaz naturel. En supposant une consommation de 6,5 litres \/ 100 km, cela donne une autonomie de 9,2 km. Une tonne de biod\u00e9chets permet donc de parcourir en moyenne 1\u2019610 km (175 m\u00e8tres cubes * 9,2 km).<\/em><\/p>","protected":false},"excerpt":{"rendered":"<p>Bei Clean Fleet fahren Flotten mit \u00d6kostrom und einem frei w\u00e4hlbaren Anteil an Biogas. Inhalt: \u00d6kostrom: Fortschrittliche Clean-Fleet-Flotten fahren mit \u00d6kostrom Klimaschutz und die Erhaltung der Biodiversit\u00e4t sind zwei wichtige <a class=\"read-more\" href=\"https:\/\/cleanfleet.ch\/fr\/ueber-clean-fleet\/oekostrom-und-biogas\/\">&#8230; continuer la lecture<\/a><\/p>","protected":false},"author":5,"featured_media":1437,"parent":56,"menu_order":3,"comment_status":"closed","ping_status":"closed","template":"","meta":{"_acf_changed":false,"footnotes":""},"class_list":["post-795","page","type-page","status-publish","has-post-thumbnail","hentry"],"acf":{"page_subline":""},"_links":{"self":[{"href":"https:\/\/cleanfleet.ch\/fr\/wp-json\/wp\/v2\/pages\/795","targetHints":{"allow":["GET"]}}],"collection":[{"href":"https:\/\/cleanfleet.ch\/fr\/wp-json\/wp\/v2\/pages"}],"about":[{"href":"https:\/\/cleanfleet.ch\/fr\/wp-json\/wp\/v2\/types\/page"}],"author":[{"embeddable":true,"href":"https:\/\/cleanfleet.ch\/fr\/wp-json\/wp\/v2\/users\/5"}],"replies":[{"embeddable":true,"href":"https:\/\/cleanfleet.ch\/fr\/wp-json\/wp\/v2\/comments?post=795"}],"version-history":[{"count":23,"href":"https:\/\/cleanfleet.ch\/fr\/wp-json\/wp\/v2\/pages\/795\/revisions"}],"predecessor-version":[{"id":1244,"href":"https:\/\/cleanfleet.ch\/fr\/wp-json\/wp\/v2\/pages\/795\/revisions\/1244"}],"up":[{"embeddable":true,"href":"https:\/\/cleanfleet.ch\/fr\/wp-json\/wp\/v2\/pages\/56"}],"wp:featuredmedia":[{"embeddable":true,"href":"https:\/\/cleanfleet.ch\/fr\/wp-json\/wp\/v2\/media\/1437"}],"wp:attachment":[{"href":"https:\/\/cleanfleet.ch\/fr\/wp-json\/wp\/v2\/media?parent=795"}],"curies":[{"name":"wp","href":"https:\/\/api.w.org\/{rel}","templated":true}]}}