{"id":649,"date":"2021-07-07T10:36:11","date_gmt":"2021-07-07T08:36:11","guid":{"rendered":"https:\/\/cleanfleet.ch\/?page_id=649"},"modified":"2025-09-19T14:21:18","modified_gmt":"2025-09-19T12:21:18","slug":"oekostrom","status":"publish","type":"page","link":"https:\/\/cleanfleet.ch\/fr\/oekostrom\/","title":{"rendered":"Les flottes de Clean Fleet roulent avec de l\u2019\u00e9lectricit\u00e9 verte certifi\u00e9e"},"content":{"rendered":"<p>La protection du climat et la pr\u00e9servation de la biodiversit\u00e9 sont deux objectifs environnementaux majeurs. Ils sont \u00e9troitement li\u00e9s et doivent \u00eatre abord\u00e9s de mani\u00e8re coordonn\u00e9e. Les rapports du Groupe d'experts intergouvernemental sur l'\u00e9volution du climat (GIEC) et du Conseil mondial de la biodiversit\u00e9 (IPBES) indiquent clairement que la perte des esp\u00e8ces et le r\u00e9chauffement climatique comptent parmi les plus grandes menaces. La richesse des esp\u00e8ces, ainsi que les \u00e9cosyst\u00e8mes intacts contribuent \u00e0 att\u00e9nuer les effets n\u00e9gatifs du changement climatique. Les zones avec une riche biodiversit\u00e9 constituent souvent de grands r\u00e9servoirs de carbone, par exemple les marais ou les zones alluviales.<\/p>\n\n\n\n<h5 class=\"wp-block-heading\">\u00c9lectricit\u00e9 renouvelable n\u2019est pas \u00e9gale \u00e0 \u00e9lectricit\u00e9 verte<\/h5>\n\n\n\n<p>L'\u00e9lectricit\u00e9 renouvelable est un premier pas pour abandonner l\u2019\u00e9nergie fossile. Cependant, des probl\u00e8mes environnementaux subsistent. L'utilisation de l'hydro\u00e9lectricit\u00e9 alt\u00e8re l'\u00e9tat de nombreux cours d'eau. \u00c0 l'avenir, la pression sur les lacs et rivi\u00e8res devrait encore augmenter en raison de l'expansion de l'hydro\u00e9lectricit\u00e9.<\/p>\n\n\n\n<p class=\"translation-block\">L'\u00e9lectricit\u00e9 verte certifi\u00e9e \u00abnaturemade star\u00bb est nettement plus \u00e9cologique que l'\u00e9lectricit\u00e9 renouvelable. Elle prot\u00e8ge le climat, <strong> ainsi<\/strong> que la nature. Cette \u00e9lectricit\u00e9 provient exclusivement de centrales hydro\u00e9lectriques, solaires, \u00e9oliennes ou de biomasse certifi\u00e9es. Ces centrales r\u00e9pondent \u00e0 des exigences environnementales strictes pour pr\u00e9server autant que possible la biosph\u00e8re pour la flore et la faune entourant les installations. En Europe, le label \u00abnaturemade star\u00bb est le plus strict pour l'\u00e9lectricit\u00e9 verte.<\/p>\n\n\n\n<p>Pour plus d\u2019informations: <a rel=\"noreferrer noopener\" href=\"https:\/\/www.bafu.admin.ch\/dam\/bafu\/fr\/dokumente\/allgemein\/uz-umwelt-zustand\/umwelt-schweiz-2018.pdf.download.pdf\/Umweltbericht2018_F.pdf\" data-type=\"URL\" data-id=\"https:\/\/www.bafu.admin.ch\/dam\/bafu\/de\/dokumente\/allgemein\/uz-umwelt-zustand\/umwelt-schweiz-2018.pdf.download.pdf\/Umweltbericht2018_D.pdf\" target=\"_blank\">Rapport f\u00e9d\u00e9ral sur l'environnement 2018 (pages 107 \u00e0 117)<\/a><a rel=\"noreferrer noopener\" href=\"https:\/\/www.naturemade.ch\/fr\/?no-redirect\" data-type=\"URL\" data-id=\"https:\/\/www.naturemade.ch\/de\/\" target=\"_blank\"><img decoding=\"async\" class=\"wp-image-652\" style=\"width: 120px;\" src=\"https:\/\/cleanfleet.ch\/wp-content\/uploads\/2021\/07\/naturemade_star_cmjn.tif\" alt=\"\"><\/a><\/p>\n\n\n\n<h5 class=\"wp-block-heading\" id=\"block-e1391bbe-5e56-4e6f-894f-1b24dd38087b\"><img loading=\"lazy\" decoding=\"async\" width=\"150\" height=\"81\" class=\"wp-image-831\" style=\"width: 150px;\" src=\"https:\/\/cleanfleet.ch\/wp-content\/uploads\/2022\/03\/VUE_Logo_Star_DE_RGB.png\" alt=\"\" srcset=\"https:\/\/cleanfleet.ch\/wp-content\/uploads\/2022\/03\/VUE_Logo_Star_DE_RGB.png 285w, https:\/\/cleanfleet.ch\/wp-content\/uploads\/2022\/03\/VUE_Logo_Star_DE_RGB-18x10.png 18w\" sizes=\"auto, (max-width: 150px) 100vw, 150px\" \/><\/h5>\n\n\n\n<div class=\"wp-block-group\"><div class=\"wp-block-group__inner-container is-layout-flow wp-block-group-is-layout-flow\"><\/div><\/div>\n\n\n\n<div style=\"height:41px\" aria-hidden=\"true\" class=\"wp-block-spacer\"><\/div>\n\n\n\n<h5 class=\"wp-block-heading\">L'\u00e9lectricit\u00e9, un b\u00e9n\u00e9fice pour la nature<\/h5>\n\n\n\n<p>L'\u00e9lectricit\u00e9 verte rend quelque chose \u00e0 la nature. Pour chaque kilowattheure d'\u00e9lectricit\u00e9 vendue \u00e0 partir de centrales hydro\u00e9lectriques certifi\u00e9es \u00abnaturemade star\u00bb, un centime est revers\u00e9 \u00e0 un fonds \u00e9cologique. Celui-ci finance des revalorisations \u00e9cologiques \u00e0 proximit\u00e9 des centrales \u00e9lectriques. De nouveaux espaces de vie sont cr\u00e9\u00e9s qui favorisent la biodiversit\u00e9.<\/p>\n\n\n\n<p>Exemples:<\/p>\n\n\n\n<ul class=\"wp-block-list\"><li>Renaturer et revitaliser les berges et les anciens cours d\u2019eau<\/li><li>Construire de nouveaux \u00e9tangs<\/li><li>Promouvoir, pr\u00e9server et revitaliser les paysages des zones alluviales et les marais<\/li><li>Installer des escaliers \u00e0 poissons et castors<\/li><\/ul>\n\n\n\n<div style=\"height:17px\" aria-hidden=\"true\" class=\"wp-block-spacer\"><\/div>\n\n\n\n<img loading=\"lazy\" decoding=\"async\" width=\"600\" height=\"542\" class=\"wp-image-690\" style=\"width: 600px;\" src=\"https:\/\/cleanfleet.ch\/wp-content\/uploads\/2021\/08\/Beispiele_naturemade_star_FR-scaled.jpg\" alt=\"\" srcset=\"https:\/\/cleanfleet.ch\/wp-content\/uploads\/2021\/08\/Beispiele_naturemade_star_FR-scaled.jpg 2560w, https:\/\/cleanfleet.ch\/wp-content\/uploads\/2021\/08\/Beispiele_naturemade_star_FR-300x270.jpg 300w, https:\/\/cleanfleet.ch\/wp-content\/uploads\/2021\/08\/Beispiele_naturemade_star_FR-1024x922.jpg 1024w, https:\/\/cleanfleet.ch\/wp-content\/uploads\/2021\/08\/Beispiele_naturemade_star_FR-768x691.jpg 768w, https:\/\/cleanfleet.ch\/wp-content\/uploads\/2021\/08\/Beispiele_naturemade_star_FR-1536x1382.jpg 1536w, https:\/\/cleanfleet.ch\/wp-content\/uploads\/2021\/08\/Beispiele_naturemade_star_FR-2048x1843.jpg 2048w, https:\/\/cleanfleet.ch\/wp-content\/uploads\/2021\/08\/Beispiele_naturemade_star_FR-13x12.jpg 13w\" sizes=\"auto, (max-width: 600px) 100vw, 600px\" \/>\n\n\n\n<div style=\"height:30px\" aria-hidden=\"true\" class=\"wp-block-spacer\"><\/div>\n\n\n\n<p>Chaque ann\u00e9e, environ 10 millions de francs sont investis dans des am\u00e9liorations \u00e9cologiques. Cela signifie que 15 kilom\u00e8tres de rivi\u00e8res et de berges lacustres peuvent \u00eatre redynamis\u00e9s et 30 hectares d'espaces de vie naturelle peuvent \u00eatre revitalis\u00e9s ou nouvellement cr\u00e9\u00e9s.<\/p>\n\n\n\n<pre class=\"wp-block-verse\"><strong>Une flotte Clean Fleet de 10 voitures \u00e9lectriques permet de revitaliser 200 m<sup>2<\/sup>&nbsp;d\u2019habitat naturel. <\/strong>*<\/pre>\n\n\n\n<div style=\"height:59px\" aria-hidden=\"true\" class=\"wp-block-spacer\"><\/div>\n\n\n\n<h5 class=\"wp-block-heading\"><strong>Petit suppl\u00e9ment de prix \u2013 gros gain pour la nature<\/strong><\/h5>\n\n\n\n<p>Le prix des carburants fossiles est \u00e9lev\u00e9. De plus, il a \u00e9t\u00e9 sujet \u00e0 de fortes fluctuations durant la derni\u00e8re d\u00e9cennie. Dans la comptabilit\u00e9 d'une entreprise, les co\u00fbts li\u00e9s au carburant ne sont pas anodins.<\/p>\n\n\n\n<p>En revanche, les co\u00fbts \u00e9nerg\u00e9tiques des voitures \u00e9lectriques sont bien inf\u00e9rieurs. Le co\u00fbt suppl\u00e9mentaire pour l'\u00e9lectricit\u00e9 verte \u00abnaturemade star\u00bb est minime. En effet, le suppl\u00e9ment est nettement plus faible que les fluctuations des prix de l'essence ou du diesel. Par contre, le b\u00e9n\u00e9fice pour la nature est substantiel!<\/p>\n\n\n\n<img loading=\"lazy\" decoding=\"async\" width=\"600\" height=\"535\" class=\"wp-image-696\" style=\"width: 600px;\" src=\"https:\/\/cleanfleet.ch\/wp-content\/uploads\/2021\/08\/cleanfleet_energiekostenvergleich2021_F_neu.jpg\" alt=\"\" srcset=\"https:\/\/cleanfleet.ch\/wp-content\/uploads\/2021\/08\/cleanfleet_energiekostenvergleich2021_F_neu.jpg 1654w, https:\/\/cleanfleet.ch\/wp-content\/uploads\/2021\/08\/cleanfleet_energiekostenvergleich2021_F_neu-300x268.jpg 300w, https:\/\/cleanfleet.ch\/wp-content\/uploads\/2021\/08\/cleanfleet_energiekostenvergleich2021_F_neu-1024x914.jpg 1024w, https:\/\/cleanfleet.ch\/wp-content\/uploads\/2021\/08\/cleanfleet_energiekostenvergleich2021_F_neu-768x685.jpg 768w, https:\/\/cleanfleet.ch\/wp-content\/uploads\/2021\/08\/cleanfleet_energiekostenvergleich2021_F_neu-1536x1371.jpg 1536w, https:\/\/cleanfleet.ch\/wp-content\/uploads\/2021\/08\/cleanfleet_energiekostenvergleich2021_F_neu-13x12.jpg 13w\" sizes=\"auto, (max-width: 600px) 100vw, 600px\" \/>\n\n\n\n<p>Source des donn\u00e9es: Shell, Repower<\/p>\n\n\n\n<div style=\"height:61px\" aria-hidden=\"true\" class=\"wp-block-spacer\"><\/div>\n\n\n\n<p><em>* Par v\u00e9hicule : 20 000 km\/an ; 4 000 kWh\/an ; Dur\u00e9e de la flotte : 4 ans<\/em><\/p>","protected":false},"excerpt":{"rendered":"<p>Klimaschutz und die Erhaltung der Biodiversit\u00e4t sind zwei wichtige Umweltziele. Sie sind eng miteinander verkn\u00fcpft und m\u00fcssen gemeinsam angegangen werden. Berichte des Weltklimarates IPCC und des Weltbiodiversit\u00e4tsrates IPBES legen unmissverst\u00e4ndlich <a class=\"read-more\" href=\"https:\/\/cleanfleet.ch\/fr\/oekostrom\/\">&#8230; continuer la lecture<\/a><\/p>","protected":false},"author":5,"featured_media":132,"parent":0,"menu_order":5,"comment_status":"closed","ping_status":"closed","template":"","meta":{"_acf_changed":false,"footnotes":""},"class_list":["post-649","page","type-page","status-publish","has-post-thumbnail","hentry"],"acf":{"page_subline":""},"_links":{"self":[{"href":"https:\/\/cleanfleet.ch\/fr\/wp-json\/wp\/v2\/pages\/649","targetHints":{"allow":["GET"]}}],"collection":[{"href":"https:\/\/cleanfleet.ch\/fr\/wp-json\/wp\/v2\/pages"}],"about":[{"href":"https:\/\/cleanfleet.ch\/fr\/wp-json\/wp\/v2\/types\/page"}],"author":[{"embeddable":true,"href":"https:\/\/cleanfleet.ch\/fr\/wp-json\/wp\/v2\/users\/5"}],"replies":[{"embeddable":true,"href":"https:\/\/cleanfleet.ch\/fr\/wp-json\/wp\/v2\/comments?post=649"}],"version-history":[{"count":26,"href":"https:\/\/cleanfleet.ch\/fr\/wp-json\/wp\/v2\/pages\/649\/revisions"}],"predecessor-version":[{"id":833,"href":"https:\/\/cleanfleet.ch\/fr\/wp-json\/wp\/v2\/pages\/649\/revisions\/833"}],"wp:featuredmedia":[{"embeddable":true,"href":"https:\/\/cleanfleet.ch\/fr\/wp-json\/wp\/v2\/media\/132"}],"wp:attachment":[{"href":"https:\/\/cleanfleet.ch\/fr\/wp-json\/wp\/v2\/media?parent=649"}],"curies":[{"name":"wp","href":"https:\/\/api.w.org\/{rel}","templated":true}]}}