{"id":637,"date":"2021-06-24T12:17:02","date_gmt":"2021-06-24T10:17:02","guid":{"rendered":"https:\/\/cleanfleet.ch\/?page_id=637"},"modified":"2025-09-19T14:24:17","modified_gmt":"2025-09-19T12:24:17","slug":"finanzpartner","status":"publish","type":"page","link":"https:\/\/cleanfleet.ch\/fr\/ueber-clean-fleet\/finanzpartner\/","title":{"rendered":"Partenariats avec des cantons et des villes"},"content":{"rendered":"<p class=\"translation-block\">Afin d\u2019ancrer largement le soutien officiel au programme, Clean Fleet \u00e9tablit des partenariats financiers et communicationnels avec des cantons et des villes en Suisse et dans la Principaut\u00e9 du Liechtenstein. Ces partenariats, qui viennent en sus du soutien financier octroy\u00e9 par l\u2019Office f\u00e9d\u00e9ral de l\u2019\u00e9nergie (SuisseEnergie), permettent de s\u2019appuyer sur le soutien de collectivit\u00e9s publiques r\u00e9gionales et locales. La carte ci-dessous montre l\u2019\u00e9tat actuel des partenariats de Clean Fleet.<\/p>","protected":false},"excerpt":{"rendered":"","protected":false},"author":1,"featured_media":1437,"parent":56,"menu_order":4,"comment_status":"closed","ping_status":"closed","template":"page-finanzpartner.php","meta":{"_acf_changed":false,"footnotes":""},"class_list":["post-637","page","type-page","status-publish","has-post-thumbnail","hentry"],"acf":{"page_subline":""},"_links":{"self":[{"href":"https:\/\/cleanfleet.ch\/fr\/wp-json\/wp\/v2\/pages\/637","targetHints":{"allow":["GET"]}}],"collection":[{"href":"https:\/\/cleanfleet.ch\/fr\/wp-json\/wp\/v2\/pages"}],"about":[{"href":"https:\/\/cleanfleet.ch\/fr\/wp-json\/wp\/v2\/types\/page"}],"author":[{"embeddable":true,"href":"https:\/\/cleanfleet.ch\/fr\/wp-json\/wp\/v2\/users\/1"}],"replies":[{"embeddable":true,"href":"https:\/\/cleanfleet.ch\/fr\/wp-json\/wp\/v2\/comments?post=637"}],"version-history":[{"count":4,"href":"https:\/\/cleanfleet.ch\/fr\/wp-json\/wp\/v2\/pages\/637\/revisions"}],"predecessor-version":[{"id":678,"href":"https:\/\/cleanfleet.ch\/fr\/wp-json\/wp\/v2\/pages\/637\/revisions\/678"}],"up":[{"embeddable":true,"href":"https:\/\/cleanfleet.ch\/fr\/wp-json\/wp\/v2\/pages\/56"}],"wp:featuredmedia":[{"embeddable":true,"href":"https:\/\/cleanfleet.ch\/fr\/wp-json\/wp\/v2\/media\/1437"}],"wp:attachment":[{"href":"https:\/\/cleanfleet.ch\/fr\/wp-json\/wp\/v2\/media?parent=637"}],"curies":[{"name":"wp","href":"https:\/\/api.w.org\/{rel}","templated":true}]}}