{"id":56,"date":"2016-10-28T08:40:38","date_gmt":"2016-10-28T06:40:38","guid":{"rendered":"https:\/\/cleanfleet.ch\/?page_id=56"},"modified":"2025-09-19T14:21:18","modified_gmt":"2025-09-19T12:21:18","slug":"ueber-clean-fleet","status":"publish","type":"page","link":"https:\/\/cleanfleet.ch\/fr\/ueber-clean-fleet\/","title":{"rendered":"A propos de Clean Fleet"},"content":{"rendered":"<p class=\"translation-block\">Clean Fleet distingue les entreprises propri\u00e9taires de flottes de voitures de tourisme et de livraison aux \u00e9missions de CO<sub>2<\/sub> particuli\u00e8rement basses et invite les gestionnaires de flottes \u00e0 s\u2019engager dans une politique d\u2019achat de v\u00e9hicules neufs ayant un impact sur le climat le plus faible possible. La phase pilote du programme, qui a dur\u00e9 deux ans, s\u2019est achev\u00e9e en 2019 avec un bilan positif. 19 entreprises propri\u00e9taires de flottes y ont particip\u00e9. La plateforme num\u00e9rique en ligne pour la saisie des flottes introduit dans le projet pilote est actualis\u00e9 en permanence et est disponible pour <a href=\"https:\/\/cleanfleet.ch\/fr\/jetzt-anmelden-und-flotte-erfassen\/\" target=\"_self\">la saisie de votre flotte de v\u00e9hicules neufs<\/a>.<\/p>\n\n\n\n<p><a href=\"https:\/\/cleanfleet.ch\/fr\/wie-funktioniert-das-programm\/\">Plus d\u2019informations.<\/a><\/p>\n\n\n\n<h3 class=\"wp-block-heading\">Le potentiel des flottes de v\u00e9hicules<\/h3>\n\n\n\n<p class=\"translation-block\">Pr\u00e8s de 40% des 300'000 nouvelles voitures de tourisme mises en circulation chaque ann\u00e9e en Suisse font partie d\u2019une flotte de v\u00e9hicules. L'Union suisse des propri\u00e9taires de flottes de v\u00e9hicules <a rel=\"noopener noreferrer\" href=\"http:\/\/www.sffv.ch\/\" target=\"_blank\">(Mobilit\u00e4tsverband sffv)<\/a> estime que les flottes de petites et moyennes entreprises (PME), qui comptent g\u00e9n\u00e9ralement entre 50 et 200 v\u00e9hicules, pr\u00e9sentent un potentiel d\u2019\u00e9conomie en \u00e9missions de CO<sub>2<\/sub> consid\u00e9rable. D\u2019autant plus que bon nombre de ces entreprises, faute d\u2019objectifs clairs en mati\u00e8re de d\u00e9veloppement durable, continuent d\u2019acheter des v\u00e9hicules neufs dont les \u00e9missions en CO<sub>2<\/sub> d\u00e9passent la valeur moyenne pr\u00e9vue par la <a rel=\"noopener noreferrer\" href=\"https:\/\/www.bfe.admin.ch\/bfe\/fr\/home\/efficacite\/mobilite\/prescriptions-concernant-les-emissions-de-co2-des-voitures-de-tourisme-et-de-livraison-neuves.html\" target=\"_blank\">loi sur le CO<sub>2<\/sub><\/a> qui se situe \u00e0 118 g de CO<sub>2<\/sub> par 100 km (95 g d\u2019apr\u00e8s l\u2019ancien cycle NEDC).<\/p>\n\n\n\n<h3 class=\"wp-block-heading\">Effet sur le bilan de CO<sub>2<\/sub>\u00a0:<\/h3>\n\n\n\n<p class=\"translation-block\">Une entreprise renouvelle en moyenne pr\u00e8s du quart des v\u00e9hicules de sa flotte chaque ann\u00e9e. Les entreprises qui participent au programme Clean Fleet s\u2019engagent \u00e0 prendre en compte le crit\u00e8re des \u00e9missions de CO<sub>2<\/sub> lors de l\u2019achat de nouveaux v\u00e9hicules. Les participants peuvent choisir de s\u2019aligner sur l\u2019une des <a href=\"https:\/\/cleanfleet.ch\/fr\/wie-funktioniert-das-programm\/\" target=\"_self\">trois courbes de r\u00e9duction : Argent, Or ou Platine<\/a>. Les v\u00e9hicules neufs \u00e9mettent ainsi moins de CO<sub>2<\/sub> : le choix de v\u00e9hicules \u00e9mettant 20 g en moins par km, par exemple, repr\u00e9sente une diminution des \u00e9missions de CO<sub>2<\/sub> de 30 tonnes pour la premi\u00e8re ann\u00e9e. En poursuivant l\u2019effort d\u2019acqu\u00e9rir des v\u00e9hicules peu gourmands pendant cinq ans, une entreprise r\u00e9alise une r\u00e9duction d\u2019\u00e9mission de 450 t de CO<sub>2<\/sub> Parall\u00e8lement, la diminution de la consommation de carburant repr\u00e9sente un gain financier pour l\u2019entreprise.*<\/p>\n\n\n\n<p class=\"translation-block\">* Nous avons choisi comme cas de figure une entreprise avec une flotte de 200 voitures de tourisme qui parcourent en moyenne chacune 30'000 km par an. Et un achat de v\u00e9hicules neufs \u00e9mettant 20 g par km de CO<sub>2<\/sub> en moins comparativement aux anciens v\u00e9hicules de la flotte.<\/p>","protected":false},"excerpt":{"rendered":"<p>Clean Fleet zeichnet Firmen f\u00fcr Personen- und Lieferwagen-Flotten mit \u00fcberdurchschnittlich tiefen CO2-Werten aus. Die Auszeichnung motiviert Flottenbetreiber, m\u00f6glichst klimaschonende Fahrzeuge einzukaufen. In den Jahren 2018 \u2013 2019 hat Clean Fleet <a class=\"read-more\" href=\"https:\/\/cleanfleet.ch\/fr\/ueber-clean-fleet\/\">&#8230; continuer la lecture<\/a><\/p>","protected":false},"author":1,"featured_media":1437,"parent":0,"menu_order":6,"comment_status":"closed","ping_status":"closed","template":"","meta":{"_acf_changed":false,"footnotes":""},"class_list":["post-56","page","type-page","status-publish","has-post-thumbnail","hentry"],"acf":{"page_subline":""},"_links":{"self":[{"href":"https:\/\/cleanfleet.ch\/fr\/wp-json\/wp\/v2\/pages\/56","targetHints":{"allow":["GET"]}}],"collection":[{"href":"https:\/\/cleanfleet.ch\/fr\/wp-json\/wp\/v2\/pages"}],"about":[{"href":"https:\/\/cleanfleet.ch\/fr\/wp-json\/wp\/v2\/types\/page"}],"author":[{"embeddable":true,"href":"https:\/\/cleanfleet.ch\/fr\/wp-json\/wp\/v2\/users\/1"}],"replies":[{"embeddable":true,"href":"https:\/\/cleanfleet.ch\/fr\/wp-json\/wp\/v2\/comments?post=56"}],"version-history":[{"count":36,"href":"https:\/\/cleanfleet.ch\/fr\/wp-json\/wp\/v2\/pages\/56\/revisions"}],"predecessor-version":[{"id":750,"href":"https:\/\/cleanfleet.ch\/fr\/wp-json\/wp\/v2\/pages\/56\/revisions\/750"}],"wp:featuredmedia":[{"embeddable":true,"href":"https:\/\/cleanfleet.ch\/fr\/wp-json\/wp\/v2\/media\/1437"}],"wp:attachment":[{"href":"https:\/\/cleanfleet.ch\/fr\/wp-json\/wp\/v2\/media?parent=56"}],"curies":[{"name":"wp","href":"https:\/\/api.w.org\/{rel}","templated":true}]}}