{"id":2,"date":"2016-10-24T13:06:20","date_gmt":"2016-10-24T11:06:20","guid":{"rendered":"https:\/\/cleanfleet.ch\/?page_id=2"},"modified":"2026-04-23T14:44:53","modified_gmt":"2026-04-23T12:44:53","slug":"home","status":"publish","type":"page","link":"https:\/\/cleanfleet.ch\/fr\/","title":{"rendered":"Clean Fleet \u2013 le programme pour des flottes de v\u00e9hicules plus \u00e9cologiques"},"content":{"rendered":"<p>Clean Fleet est un programme de soutien aux entreprises qui souhaitent r\u00e9duire les \u00e9missions de CO<sub>2<\/sub> de leurs flottes de v\u00e9hicules. En participant au programme, ces entreprises contribuent activement \u00e0 la protection du climat et aux <a href=\"https:\/\/cleanfleet.ch\/fr\/hintergrund\/\">objectifs climatiques de la Suisse<\/a>.<\/p>","protected":false},"excerpt":{"rendered":"<p>Clean Fleet f\u00f6rdert Unternehmen, die ihre Personen- und Lieferwagen emissionsarm ausrichten. Clean-Fleet-Teilnehmer leisten einen effektiven Beitrag zum Klimaschutz und zur Erreichung der Klimaziele der Schweiz.<\/p>","protected":false},"author":1,"featured_media":1440,"parent":0,"menu_order":1,"comment_status":"closed","ping_status":"open","template":"","meta":{"_acf_changed":false,"footnotes":""},"class_list":["post-2","page","type-page","status-publish","has-post-thumbnail","hentry"],"acf":{"page_subline":""},"_links":{"self":[{"href":"https:\/\/cleanfleet.ch\/fr\/wp-json\/wp\/v2\/pages\/2","targetHints":{"allow":["GET"]}}],"collection":[{"href":"https:\/\/cleanfleet.ch\/fr\/wp-json\/wp\/v2\/pages"}],"about":[{"href":"https:\/\/cleanfleet.ch\/fr\/wp-json\/wp\/v2\/types\/page"}],"author":[{"embeddable":true,"href":"https:\/\/cleanfleet.ch\/fr\/wp-json\/wp\/v2\/users\/1"}],"replies":[{"embeddable":true,"href":"https:\/\/cleanfleet.ch\/fr\/wp-json\/wp\/v2\/comments?post=2"}],"version-history":[{"count":30,"href":"https:\/\/cleanfleet.ch\/fr\/wp-json\/wp\/v2\/pages\/2\/revisions"}],"predecessor-version":[{"id":1723,"href":"https:\/\/cleanfleet.ch\/fr\/wp-json\/wp\/v2\/pages\/2\/revisions\/1723"}],"wp:featuredmedia":[{"embeddable":true,"href":"https:\/\/cleanfleet.ch\/fr\/wp-json\/wp\/v2\/media\/1440"}],"wp:attachment":[{"href":"https:\/\/cleanfleet.ch\/fr\/wp-json\/wp\/v2\/media?parent=2"}],"curies":[{"name":"wp","href":"https:\/\/api.w.org\/{rel}","templated":true}]}}