{"id":144,"date":"2017-10-06T10:18:39","date_gmt":"2017-10-06T08:18:39","guid":{"rendered":"https:\/\/cleanfleet.ch\/?page_id=144"},"modified":"2025-09-19T14:21:18","modified_gmt":"2025-09-19T12:21:18","slug":"wie-funktioniert-das-programm","status":"publish","type":"page","link":"https:\/\/cleanfleet.ch\/fr\/wie-funktioniert-das-programm\/","title":{"rendered":"Clean Fleet, comment \u00e7a marche ?"},"content":{"rendered":"<p class=\"translation-block\">Le propri\u00e9taire ou le gestionnaire d\u2019une flotte de v\u00e9hicules opte d\u2019abord pour l\u2019une des courbes de r\u00e9duction propos\u00e9es par Clean Fleet : Argent, Or ou Platine. Ainsi, il fixe \u00e0 un horizon de cinq ans les valeurs-cibles d\u2019\u00e9missions de CO<sub>2<\/sub> pour ses nouveaux v\u00e9hicules (voitures de tourisme et v\u00e9hicules de livraison jusqu'\u00e0 3,5 tonnes). A noter que les valeurs des trois courbes de r\u00e9duction sont plus basses que les valeurs de r\u00e9f\u00e9rence fix\u00e9es par l\u2019UE et par la Suisse pour les v\u00e9hicules de tourisme et de livraison neufs. Les entreprises s\u2019engagent par \u00e9crit \u00e0 atteindre l\u2019objectif choisi.<\/p>\n\n\n\n<p>Les exploitants de flottes peuvent choisir diff\u00e9rentes courbes de r\u00e9duction pour leurs voitures de tourisme et leurs v\u00e9hicules de livraison jusqu'\u00e0 3,5 tonnes. Les courbes de r\u00e9duction se basent sur les valeurs cibles l\u00e9gales et sur l'objectif z\u00e9ro net en 2050.<\/p>\n\n\n\n<p><a href=\"https:\/\/cleanfleet.ch\/fr\/haeufige-fragen-faqs\/\">Courbes de r\u00e9f\u00e9rence et courbes de r\u00e9duction (Argent, Or et Platine) pour voitures de tourisme et v\u00e9hicules de livraison<\/a><\/p>\n\n\n\n<figure class=\"wp-block-image size-large is-resized alignwide\"><img loading=\"lazy\" decoding=\"async\" width=\"1024\" height=\"365\" src=\"https:\/\/cleanfleet.ch\/wp-content\/uploads\/2021\/12\/CleanFleet_GrafikAbsenkpfadeF_DEZ2021-1-scaled.jpg\" alt=\"\" class=\"wp-image-760\" srcset=\"https:\/\/cleanfleet.ch\/wp-content\/uploads\/2021\/12\/CleanFleet_GrafikAbsenkpfadeF_DEZ2021-1-scaled.jpg 2560w, https:\/\/cleanfleet.ch\/wp-content\/uploads\/2021\/12\/CleanFleet_GrafikAbsenkpfadeF_DEZ2021-1-300x107.jpg 300w, https:\/\/cleanfleet.ch\/wp-content\/uploads\/2021\/12\/CleanFleet_GrafikAbsenkpfadeF_DEZ2021-1-1024x365.jpg 1024w, https:\/\/cleanfleet.ch\/wp-content\/uploads\/2021\/12\/CleanFleet_GrafikAbsenkpfadeF_DEZ2021-1-768x274.jpg 768w, https:\/\/cleanfleet.ch\/wp-content\/uploads\/2021\/12\/CleanFleet_GrafikAbsenkpfadeF_DEZ2021-1-1536x548.jpg 1536w, https:\/\/cleanfleet.ch\/wp-content\/uploads\/2021\/12\/CleanFleet_GrafikAbsenkpfadeF_DEZ2021-1-2048x731.jpg 2048w, https:\/\/cleanfleet.ch\/wp-content\/uploads\/2021\/12\/CleanFleet_GrafikAbsenkpfadeF_DEZ2021-1-18x6.jpg 18w\" sizes=\"auto, (max-width: 1024px) 100vw, 1024px\" \/><\/figure>\n\n\n\n<p><a rel=\"noreferrer noopener\" href=\"https:\/\/cleanfleet.ch\/wp-content\/uploads\/2021\/12\/CleanFleet_GrafikAbsenkpfadeF_DEZ2021PDF-1.pdf\" data-type=\"URL\" target=\"_blank\">Graphique 1 en format pdf<\/a><\/p>\n\n\n\n<figure class=\"wp-block-image size-large is-resized alignwide\"><img loading=\"lazy\" decoding=\"async\" width=\"1024\" height=\"448\" src=\"https:\/\/cleanfleet.ch\/wp-content\/uploads\/2021\/12\/CleanFleet_AbsenkpfadeLieferwagenF_DEZ2021-scaled.jpg\" alt=\"\" class=\"wp-image-752\" srcset=\"https:\/\/cleanfleet.ch\/wp-content\/uploads\/2021\/12\/CleanFleet_AbsenkpfadeLieferwagenF_DEZ2021-scaled.jpg 2560w, https:\/\/cleanfleet.ch\/wp-content\/uploads\/2021\/12\/CleanFleet_AbsenkpfadeLieferwagenF_DEZ2021-300x131.jpg 300w, https:\/\/cleanfleet.ch\/wp-content\/uploads\/2021\/12\/CleanFleet_AbsenkpfadeLieferwagenF_DEZ2021-1024x448.jpg 1024w, https:\/\/cleanfleet.ch\/wp-content\/uploads\/2021\/12\/CleanFleet_AbsenkpfadeLieferwagenF_DEZ2021-768x336.jpg 768w, https:\/\/cleanfleet.ch\/wp-content\/uploads\/2021\/12\/CleanFleet_AbsenkpfadeLieferwagenF_DEZ2021-1536x672.jpg 1536w, https:\/\/cleanfleet.ch\/wp-content\/uploads\/2021\/12\/CleanFleet_AbsenkpfadeLieferwagenF_DEZ2021-2048x896.jpg 2048w, https:\/\/cleanfleet.ch\/wp-content\/uploads\/2021\/12\/CleanFleet_AbsenkpfadeLieferwagenF_DEZ2021-18x8.jpg 18w\" sizes=\"auto, (max-width: 1024px) 100vw, 1024px\" \/><\/figure>\n\n\n\n<p><a rel=\"noreferrer noopener\" href=\"https:\/\/cleanfleet.ch\/wp-content\/uploads\/2021\/12\/LNFCleanFleet_AbsenkpfadeLieferwagenF_DEZ2021_PDF.pdf\" data-type=\"URL\" target=\"_blank\">Graphique 2 en format pdf<\/a><\/p>\n\n\n\n<h5 class=\"wp-block-heading translation-block\"><strong>Des \u00e9conomies de CO<sub>2<\/sub> imm\u00e9diates<\/strong><\/h5>\n\n\n\n<p class=\"translation-block\">En admettant un taux de renouvellement annuel des voitures d\u2019une flotte situ\u00e9 entre 20 et 25 pourcents, une entreprise peut constater un effet de r\u00e9duction des \u00e9missions de CO<sub>2<\/sub> d\u00e8s les premiers v\u00e9hicules de remplacement. L\u2019objectif pour lequel l\u2019entreprise s\u2019est engag\u00e9e d\u00e9ploie donc imm\u00e9diatement son effet. Les \u00e9conomies se cumulent ensuite sur toute la dur\u00e9e de vie des v\u00e9hicules neufs. En plus s\u2019y rajoutent les \u00e9conomies des voitures de remplacement des ann\u00e9es suivantes.<\/p>\n\n\n\n<h5 class=\"wp-block-heading translation-block\"><strong>Un outil en ligne pour \u00e9valuer les \u00e9missions de CO<sub>2<\/sub> d\u2019une flotte d\u2019entreprise<\/strong><\/h5>\n\n\n\n<p class=\"translation-block\">L'outil en ligne permet \u00e0 une entreprise de calculer les \u00e9missions de CO<sub>2<\/sub> de sa flotte de v\u00e9hicules de mani\u00e8re simple et de les visualiser sous une forme graphique plaisante.<\/p>\n\n\n\n<h5 class=\"wp-block-heading\"><strong>Des questions ?<\/strong><\/h5>\n\n\n\n<p class=\"translation-block\">Pour plus d\u2019informations, contactez-nous par t\u00e9l\u00e9phone au 022 361 47 54 (secr\u00e9tariat romand) ou via notre <a href=\"https:\/\/cleanfleet.ch\/fr\/kontakt\/\" target=\"_self\">formulaire de contact<\/a> !<\/p>","protected":false},"excerpt":{"rendered":"<p>Bei Clean Fleet w\u00e4hlen die Flottenbetreiber einen Absenkpfad &#8211; zur Wahl stehen&nbsp;Silber, Gold oder&nbsp;Platin. Damit legen sie&nbsp;fest, welches CO2-Ziel sie f\u00fcr ihre Neuwagenflotte (Personenwagen und Lieferwagen bis 3.5 Tonnen) innert <a class=\"read-more\" href=\"https:\/\/cleanfleet.ch\/fr\/wie-funktioniert-das-programm\/\">&#8230; continuer la lecture<\/a><\/p>","protected":false},"author":5,"featured_media":1437,"parent":0,"menu_order":4,"comment_status":"closed","ping_status":"closed","template":"","meta":{"_acf_changed":false,"footnotes":""},"class_list":["post-144","page","type-page","status-publish","has-post-thumbnail","hentry"],"acf":{"page_subline":""},"_links":{"self":[{"href":"https:\/\/cleanfleet.ch\/fr\/wp-json\/wp\/v2\/pages\/144","targetHints":{"allow":["GET"]}}],"collection":[{"href":"https:\/\/cleanfleet.ch\/fr\/wp-json\/wp\/v2\/pages"}],"about":[{"href":"https:\/\/cleanfleet.ch\/fr\/wp-json\/wp\/v2\/types\/page"}],"author":[{"embeddable":true,"href":"https:\/\/cleanfleet.ch\/fr\/wp-json\/wp\/v2\/users\/5"}],"replies":[{"embeddable":true,"href":"https:\/\/cleanfleet.ch\/fr\/wp-json\/wp\/v2\/comments?post=144"}],"version-history":[{"count":47,"href":"https:\/\/cleanfleet.ch\/fr\/wp-json\/wp\/v2\/pages\/144\/revisions"}],"predecessor-version":[{"id":773,"href":"https:\/\/cleanfleet.ch\/fr\/wp-json\/wp\/v2\/pages\/144\/revisions\/773"}],"wp:featuredmedia":[{"embeddable":true,"href":"https:\/\/cleanfleet.ch\/fr\/wp-json\/wp\/v2\/media\/1437"}],"wp:attachment":[{"href":"https:\/\/cleanfleet.ch\/fr\/wp-json\/wp\/v2\/media?parent=144"}],"curies":[{"name":"wp","href":"https:\/\/api.w.org\/{rel}","templated":true}]}}