{"id":1103,"date":"2023-06-15T17:10:15","date_gmt":"2023-06-15T15:10:15","guid":{"rendered":"https:\/\/cleanfleet.ch\/?page_id=1103"},"modified":"2026-02-19T16:07:54","modified_gmt":"2026-02-19T15:07:54","slug":"online-tool","status":"publish","type":"page","link":"https:\/\/cleanfleet.ch\/fr\/fuer-unternehmen\/online-tool\/","title":{"rendered":"L'outil en ligne de Clean Fleet"},"content":{"rendered":"<p class=\"translation-block\">Profitez de notre outil en ligne pour orienter vos achats de flotte en fonction de l'une des <a href=\"https:\/\/cleanfleet.ch\/fr\/wie-funktioniert-das-programm\/\" data-type=\"page\" data-id=\"144\" target=\"_self\">courbes de r\u00e9duction Clean Fleet Argent, Or ou Platine<\/a>! Gr\u00e2ce \u00e0 notre programme, vous pouvez mettre en \u00e9vidence les \u00e9missions de CO<sub>2<\/sub> de vos nouveaux v\u00e9hicules et vous pouvez communiquer \u00e0 propos de votre engagement \u00e9co-responsable \u00e0 l'aide des <a href=\"https:\/\/cleanfleet.ch\/fr\/clean-fleet-stufen\/\" data-type=\"page\" data-id=\"1062\" target=\"_self\">distinctions Clean Fleet<\/a>.<\/p>\n\n\n\n<div style=\"height:34px\" aria-hidden=\"true\" class=\"wp-block-spacer\"><\/div>\n\n\n\n<div class=\"wp-block-columns is-layout-flex wp-container-core-columns-is-layout-9d6595d7 wp-block-columns-is-layout-flex\">\n<div class=\"wp-block-column is-layout-flow wp-block-column-is-layout-flow\">\n<div class=\"wp-block-buttons is-content-justification-center is-layout-flex wp-container-core-buttons-is-layout-5e6b19ed wp-block-buttons-is-layout-flex\">\n<div class=\"wp-block-button has-custom-width wp-block-button__width-75 is-style-fill\"><a class=\"wp-block-button__link has-white-color has-vivid-cyan-blue-background-color has-text-color has-background has-text-align-center wp-element-button\" href=\"https:\/\/bestfleet.ch\/\" target=\"_blank\" rel=\"noreferrer noopener\"><strong>Lancez-vous!<\/strong><\/a><\/div>\n<\/div>\n<\/div>\n\n\n\n<div class=\"wp-block-column is-layout-flow wp-block-column-is-layout-flow\">\n<blockquote class=\"wp-block-quote is-layout-flow wp-block-quote-is-layout-flow\">\n<p>Recensez les nouveaux v\u00e9hicules de votre soci\u00e9t\u00e9 (num\u00e9ros de matricule) et testez gratuitement notre outil en ligne!<\/p>\n<\/blockquote>\n<\/div>\n<\/div>\n\n\n\n<p>La saisie se fait sur une base de donn\u00e9es en ligne. Vos donn\u00e9es sont stock\u00e9es de mani\u00e8re s\u00e9curis\u00e9e. Elles pourront \u00eatre corrig\u00e9es et adapt\u00e9es par vous \u00e0 tout moment. Vos donn\u00e9es seront trait\u00e9es en toute confidentialit\u00e9 et aucun autre participant n'y aura acc\u00e8s. L\u2019utilisation de l\u2019outil en ligne est intuitive. En cas de question, nous nous tenons volontiers \u00e0 votre disposition.<\/p>\n\n\n\n<div style=\"height:100px\" aria-hidden=\"true\" class=\"wp-block-spacer\"><\/div>\n\n\n\n<h2 class=\"wp-block-heading\">L'exemple de Mobility<\/h2>\n\n\n\n<p class=\"translation-block\">La coop\u00e9rative <a href=\"https:\/\/www.mobility.ch\/fr\/clients-prives\/offres-et-tarifs\/mobilitytest\" data-type=\"URL\" data-id=\"https:\/\/www.mobility.ch\/fr\/clients-prives\/offres-et-tarifs\/mobilitytest\" target=\"_blank\" rel=\"noreferrer noopener\">Mobility Carsharing Suisse<\/a> obtient pour sa flotte de voitures de tourisme la <a href=\"https:\/\/cleanfleet.ch\/fr\/clean-fleet-stufen\/\" data-type=\"page\" data-id=\"1062\" target=\"_self\">distinction Clean Fleet Or<\/a>. Les valeurs moyennes des \u00e9missions de CO<sub>2<\/sub> des nouveaux v\u00e9hicules mis en service par Mobility sont indiqu\u00e9es en bleu sur le graphique ci-dessous. Ce graphique indique \u00e9galement les courbes de r\u00e9duction Clean Fleet Argent, Or et Platine ainsi que la <a href=\"https:\/\/cleanfleet.ch\/fr\/haeufige-fragen-faqs\/\" data-type=\"page\" data-id=\"161\" target=\"_self\">courbe de r\u00e9f\u00e9rence<\/a> (l\u00e9gale*).<\/p>\n\n\n\n<div style=\"height:40px\" aria-hidden=\"true\" class=\"wp-block-spacer\"><\/div>\n\n\n\n<img loading=\"lazy\" decoding=\"async\" width=\"850\" height=\"284\" class=\"wp-image-1231\" style=\"width: 850px;\" src=\"https:\/\/cleanfleet.ch\/wp-content\/uploads\/2023\/07\/Mobility_2022_FR-scaled.jpg\" alt=\"\" srcset=\"https:\/\/cleanfleet.ch\/wp-content\/uploads\/2023\/07\/Mobility_2022_FR-scaled.jpg 2560w, https:\/\/cleanfleet.ch\/wp-content\/uploads\/2023\/07\/Mobility_2022_FR-300x99.jpg 300w, https:\/\/cleanfleet.ch\/wp-content\/uploads\/2023\/07\/Mobility_2022_FR-1024x337.jpg 1024w, https:\/\/cleanfleet.ch\/wp-content\/uploads\/2023\/07\/Mobility_2022_FR-768x253.jpg 768w, https:\/\/cleanfleet.ch\/wp-content\/uploads\/2023\/07\/Mobility_2022_FR-1536x505.jpg 1536w, https:\/\/cleanfleet.ch\/wp-content\/uploads\/2023\/07\/Mobility_2022_FR-2048x674.jpg 2048w, https:\/\/cleanfleet.ch\/wp-content\/uploads\/2023\/07\/Mobility_2022_FR-18x6.jpg 18w\" sizes=\"auto, (max-width: 850px) 100vw, 850px\" \/>\n\n\n\n<div style=\"height:100px\" aria-hidden=\"true\" class=\"wp-block-spacer\"><\/div>\n\n\n\n<h2 class=\"wp-block-heading\" id=\"fragen\">Des questions ?<\/h2>\n\n\n\n<p>Courriel \u00e0\u00a0<a href=\"mailto:kurt.egli@cleanfleet.ch\">kurt.egli@cleanfleet.ch<\/a>\u00a0ou\u00a0<a href=\"mailto:lisa-maria-graf@cleanfleet.ch\">lisa-maria-graf@cleanfleet.ch<\/a>\u00a0(pour les questions administratives) ou encore 052 212 84 00 (informations en allemand).<\/p>\n\n\n\n<p>Courriel \u00e0&nbsp;<a href=\"mailto:michael.flamm@cleanfleet.ch\">michael.flamm@cleanfleet.ch<\/a>&nbsp;ou 022 361 47 54 (informations en fran\u00e7ais).<\/p>","protected":false},"excerpt":{"rendered":"<p>Richten Sie mithilfe des Online-Tools von Clean Fleet Ihren Flotteneinkauf an einem der Clean-Fleet-Absenkpfade Silber, Gold oder Platin aus. Mit dem Programm k\u00f6nnen Sie j\u00e4hrlich Ihren CO2-Ausstoss Ihrer neuen Flottenfahrzeuge <a class=\"read-more\" href=\"https:\/\/cleanfleet.ch\/fr\/fuer-unternehmen\/online-tool\/\">&#8230; continuer la lecture<\/a><\/p>","protected":false},"author":5,"featured_media":1435,"parent":1060,"menu_order":8,"comment_status":"closed","ping_status":"closed","template":"","meta":{"_acf_changed":false,"footnotes":""},"class_list":["post-1103","page","type-page","status-publish","has-post-thumbnail","hentry"],"acf":{"page_subline":""},"_links":{"self":[{"href":"https:\/\/cleanfleet.ch\/fr\/wp-json\/wp\/v2\/pages\/1103","targetHints":{"allow":["GET"]}}],"collection":[{"href":"https:\/\/cleanfleet.ch\/fr\/wp-json\/wp\/v2\/pages"}],"about":[{"href":"https:\/\/cleanfleet.ch\/fr\/wp-json\/wp\/v2\/types\/page"}],"author":[{"embeddable":true,"href":"https:\/\/cleanfleet.ch\/fr\/wp-json\/wp\/v2\/users\/5"}],"replies":[{"embeddable":true,"href":"https:\/\/cleanfleet.ch\/fr\/wp-json\/wp\/v2\/comments?post=1103"}],"version-history":[{"count":20,"href":"https:\/\/cleanfleet.ch\/fr\/wp-json\/wp\/v2\/pages\/1103\/revisions"}],"predecessor-version":[{"id":1674,"href":"https:\/\/cleanfleet.ch\/fr\/wp-json\/wp\/v2\/pages\/1103\/revisions\/1674"}],"up":[{"embeddable":true,"href":"https:\/\/cleanfleet.ch\/fr\/wp-json\/wp\/v2\/pages\/1060"}],"wp:featuredmedia":[{"embeddable":true,"href":"https:\/\/cleanfleet.ch\/fr\/wp-json\/wp\/v2\/media\/1435"}],"wp:attachment":[{"href":"https:\/\/cleanfleet.ch\/fr\/wp-json\/wp\/v2\/media?parent=1103"}],"curies":[{"name":"wp","href":"https:\/\/api.w.org\/{rel}","templated":true}]}}