{"id":1062,"date":"2023-06-15T17:12:43","date_gmt":"2023-06-15T15:12:43","guid":{"rendered":"https:\/\/cleanfleet.ch\/?page_id=1062"},"modified":"2025-09-19T14:14:10","modified_gmt":"2025-09-19T12:14:10","slug":"clean-fleet-stufen","status":"publish","type":"page","link":"https:\/\/cleanfleet.ch\/fr\/fuer-unternehmen\/clean-fleet-stufen\/","title":{"rendered":"Les niveaux de distinction Clean Fleet"},"content":{"rendered":"<p>Les niveaux de distinction Clean Fleet sont d\u00e9cern\u00e9s aux entreprises qui transforment particuli\u00e8rement rapidement leurs flottes vers davantage de durabilit\u00e9.<\/p>\n\n\n\n<p class=\"translation-block\">Dans la gestion de leur flotte de v\u00e9hicules de tourisme ou de livraison, les entreprises privil\u00e9gient l'achat de v\u00e9hicules \u00e0 faible \u00e9mission de CO<sub>2<\/sub> et suivent ainsi une <a href=\"https:\/\/cleanfleet.ch\/fr\/wie-funktioniert-das-programm\/\" data-type=\"page\" data-id=\"144\" target=\"_self\">courbe de r\u00e9duction<\/a> qui est plus ambitieuse que l'objectif moyen de r\u00e9duction de CO<sub>2<\/sub> prescrit par la loi.<\/p>\n\n\n\n<p class=\"translation-block\">Pour le v\u00e9rifier, les valeurs d'\u00e9mission de CO<sub>2<\/sub> des nouveaux v\u00e9hicules sont recens\u00e9es et compar\u00e9es aux courbes de r\u00e9f\u00e9rence qui s'appuient sur les prescriptions l\u00e9gales (courbes distinctes pour les voitures de tourisme et les v\u00e9hicules de livraison). Si les entreprises respectent les crit\u00e8res fix\u00e9s par les courbes de r\u00e9duction Clean Fleet Argent, Or ou Platine, elles obtiennent le niveau de distinction correspondant. Si, en plus, les v\u00e9hicules \u00e9lectriques de la flotte sont recharg\u00e9s avec de l'<a href=\"https:\/\/cleanfleet.ch\/fr\/oekostrom-und-biogas\/\" data-type=\"page\" data-id=\"795\" target=\"_self\">\u00c9lectricit\u00e9 verte certifi\u00e9e<\/a>, l'entreprise obtient la mention suppl\u00e9mentaire \u201estar\u201c. Les entreprises qui sont en bonne voie d'obtenir une distinction Clean Fleet obtiennent elles le droit d'afficher la mention \u201eClean Fleet Transformation\u201c.<\/p>\n\n\n\n<p>Les niveaux de distinction suivants sont d\u00e9cern\u00e9s pour les\u00a0:<\/p>\n\n\n\n<ul class=\"wp-block-list\">\n<li><a href=\"#pw-auszeichnung\" data-type=\"internal\" data-id=\"#pw-auszeichnung\">Flottes de voitures de tourisme<\/a><\/li>\n\n\n\n<li><a href=\"#lnf-auszeichnung\" data-type=\"internal\" data-id=\"#lnf-auszeichnung\">Flottes de v\u00e9hicules de livraison<\/a><\/li>\n\n\n\n<li><a href=\"#flotten-okostrom\" data-type=\"internal\" data-id=\"#flotten-okostrom\">Flottes fonctionnant \u00e0 l'\u00e9lectricit\u00e9 verte certifi\u00e9e<\/a><\/li>\n<\/ul>\n\n\n\n<div style=\"height:50px\" aria-hidden=\"true\" class=\"wp-block-spacer\"><\/div>\n\n\n\n<p><strong>Votre flotte remplit-elle d'ores et d\u00e9j\u00e0 les normes Clean Fleet?<\/strong> <a href=\"https:\/\/cleanfleet.ch\/fr\/kontakt\/\" data-type=\"page\" data-id=\"5\">Contactez-nous et obtenez nos logos<\/a>. Gr\u00e2ce aux logos fournis par Clean Fleet, vous pourrez mettre en avant depuis quand votre flotte est g\u00e9r\u00e9e de mani\u00e8re particuli\u00e8rement durable (par exemple sur votre site web, dans vos signatures Email, etc.).<\/p>\n\n\n\n<div style=\"height:66px\" aria-hidden=\"true\" class=\"wp-block-spacer\"><\/div>\n\n\n\n<h2 class=\"wp-block-heading\" id=\"pw-auszeichnung\">Flottes de voitures de tourisme<\/h2>\n\n\n\n<div class=\"wp-block-columns is-layout-flex wp-container-core-columns-is-layout-9d6595d7 wp-block-columns-is-layout-flex\">\n<div class=\"wp-block-column is-layout-flow wp-block-column-is-layout-flow\" style=\"flex-basis:100%\">\n<div class=\"wp-block-columns is-layout-flex wp-container-core-columns-is-layout-9d6595d7 wp-block-columns-is-layout-flex\">\n<div class=\"wp-block-column is-layout-flow wp-block-column-is-layout-flow\">\n<div class=\"wp-block-columns is-layout-flex wp-container-core-columns-is-layout-9d6595d7 wp-block-columns-is-layout-flex\">\n<div class=\"wp-block-column is-layout-flow wp-block-column-is-layout-flow\">\n<img loading=\"lazy\" decoding=\"async\" width=\"150\" height=\"172\" class=\"wp-image-1093\" style=\"width: 150px;\" src=\"https:\/\/cleanfleet.ch\/wp-content\/uploads\/2023\/07\/Cleanfleet_PW_Transformation_fr.svg\" alt=\"\">\n\n\n\n<h5 class=\"wp-block-heading\">Clean Fleet<br>Transformation<\/h5>\n\n\n\n<p>Les entreprises ayant planifi\u00e9 ou amorc\u00e9 un processus de conversion et n'ayant pas encore atteint la norme Clean Fleet Argent pour leur flotte de voitures de tourisme obtiennent une mention Clean Fleet Transformation.<\/p>\n\n\n\n<p><a href=\"https:\/\/cleanfleet.ch\/fr\/fuer-unternehmen\/\" data-type=\"URL\" data-id=\"https:\/\/cleanfleet.ch\/fuer-unternehmen\/\">\u00c9tapes pour obtenir une distinction Clean Fleet<\/a><\/p>\n<\/div>\n\n\n\n<div class=\"wp-block-column is-layout-flow wp-block-column-is-layout-flow\">\n<img loading=\"lazy\" decoding=\"async\" width=\"150\" height=\"172\" class=\"wp-image-1092\" style=\"width: 150px;\" src=\"https:\/\/cleanfleet.ch\/wp-content\/uploads\/2023\/07\/Cleanfleet_PW_Argent_fr.svg\" alt=\"\">\n\n\n\n<h5 class=\"wp-block-heading\" id=\"block-420506fa-68b1-4e14-80c9-7b5d89d44170\">Clean Fleet<br>Argent<\/h5>\n\n\n\n<p>Les entreprises ayant obtenu la distinction Clean Fleet Argent exploitent une flotte de voitures de tourisme r\u00e9pondant aux crit\u00e8res de la&nbsp;<a href=\"https:\/\/cleanfleet.ch\/fr\/haeufige-fragen-faqs\/\" data-type=\"page\" data-id=\"161\">Courbe de r\u00e9duction Argent<\/a>.<\/p>\n\n\n\n<p class=\"translation-block\">Les nouveaux v\u00e9hicules \u00e9mettent 10 g de CO<sub>2<\/sub> en moins par km que ne l'exige la courbe de r\u00e9f\u00e9rence (l\u00e9gale*). <br>Ces flottes atteignent le niveau z\u00e9ro \u00e9mission de CO<sub>2<\/sub> au plus tard en 2034.<\/p>\n<\/div>\n<\/div>\n<\/div>\n\n\n\n<div class=\"wp-block-column is-layout-flow wp-block-column-is-layout-flow\">\n<div class=\"wp-block-columns is-layout-flex wp-container-core-columns-is-layout-9d6595d7 wp-block-columns-is-layout-flex\">\n<div class=\"wp-block-column is-layout-flow wp-block-column-is-layout-flow\">\n<img loading=\"lazy\" decoding=\"async\" width=\"150\" height=\"172\" class=\"wp-image-1091\" style=\"width: 150px;\" src=\"https:\/\/cleanfleet.ch\/wp-content\/uploads\/2023\/07\/Cleanfleet_PW_Or_fr.svg\" alt=\"\">\n\n\n\n<h5 class=\"wp-block-heading\" id=\"block-218bed3a-3129-4a80-ab50-bef2e1eaa4bd\">Clean Fleet<br>Or<\/h5>\n\n\n\n<p>Les entreprises ayant obtenu la distinction Clean Fleet Or exploitent une flotte de voitures de tourisme r\u00e9pondant aux crit\u00e8res de la <a href=\"https:\/\/cleanfleet.ch\/fr\/haeufige-fragen-faqs\/\" data-type=\"page\" data-id=\"161\">Courbe de r\u00e9duction Or<\/a>.<\/p>\n\n\n\n<p class=\"translation-block\">Les nouveaux v\u00e9hicules \u00e9mettent 20 g de CO<sub>2<\/sub> en moins par km que ne l'exige la courbe de r\u00e9f\u00e9rence (l\u00e9gale*). <br>Ces flottes atteignent le niveau z\u00e9ro \u00e9mission de CO<sub>2<\/sub> au plus tard en 2033.<\/p>\n\n\n\n<p><a href=\"https:\/\/cleanfleet.ch\/fr\/online-tool\/\" data-type=\"page\" data-id=\"1103\">L'exemple de Mobility<\/a><\/p>\n<\/div>\n\n\n\n<div class=\"wp-block-column is-layout-flow wp-block-column-is-layout-flow\">\n<img loading=\"lazy\" decoding=\"async\" width=\"150\" height=\"172\" class=\"wp-image-1090\" style=\"width: 150px;\" src=\"https:\/\/cleanfleet.ch\/wp-content\/uploads\/2023\/07\/Cleanfleet_PW_Platine_fr.svg\" alt=\"\">\n\n\n\n<h5 class=\"wp-block-heading\" id=\"block-b0f9ccf1-53e8-488e-9f27-c98c325e17a1\">Clean Fleet<br>Platine<\/h5>\n\n\n\n<p>Les entreprises ayant obtenu la distinction Clean Fleet Platine exploitent une flotte de voitures de tourisme r\u00e9pondant aux crit\u00e8res de la <a href=\"https:\/\/cleanfleet.ch\/fr\/haeufige-fragen-faqs\/\" data-type=\"page\" data-id=\"161\">Courbe de r\u00e9duction Platine<\/a>.<\/p>\n\n\n\n<p class=\"translation-block\">Les nouveaux v\u00e9hicules \u00e9mettent 55 g de CO<sub>2<\/sub> en moins par km que ne l'exige la courbe de r\u00e9f\u00e9rence (l\u00e9gale*). <br>Ces flottes-l\u00e0 atteignent le niveau z\u00e9ro \u00e9mission de CO<sub>2<\/sub> au plus tard en 2030.<\/p>\n<\/div>\n<\/div>\n<\/div>\n<\/div>\n<\/div>\n<\/div>\n\n\n\n<h2 class=\"wp-block-heading\" id=\"lnf-auszeichnung\">Flottes de v\u00e9hicules de livraison<\/h2>\n\n\n\n<div class=\"wp-block-columns is-layout-flex wp-container-core-columns-is-layout-9d6595d7 wp-block-columns-is-layout-flex\">\n<div class=\"wp-block-column is-layout-flow wp-block-column-is-layout-flow\" style=\"flex-basis:100%\">\n<div class=\"wp-block-columns is-layout-flex wp-container-core-columns-is-layout-9d6595d7 wp-block-columns-is-layout-flex\">\n<div class=\"wp-block-column is-layout-flow wp-block-column-is-layout-flow\">\n<div class=\"wp-block-columns is-layout-flex wp-container-core-columns-is-layout-9d6595d7 wp-block-columns-is-layout-flex\">\n<div class=\"wp-block-column is-layout-flow wp-block-column-is-layout-flow\">\n<img loading=\"lazy\" decoding=\"async\" width=\"150\" height=\"172\" class=\"wp-image-1097\" style=\"width: 150px;\" src=\"https:\/\/cleanfleet.ch\/wp-content\/uploads\/2023\/07\/Cleanfleet_LW_Transformation_fr.svg\" alt=\"\">\n\n\n\n<h5 class=\"wp-block-heading\">Clean Fleet<br>Transformation<\/h5>\n\n\n\n<p>Les entreprises ayant planifi\u00e9 ou amorc\u00e9 un processus de conversion et n'ayant pas encore atteint la norme Clean Fleet Argent pour leur flotte de v\u00e9hicules de livraison obtiennent une mention Clean Fleet Transformation.<\/p>\n\n\n\n<p><a href=\"https:\/\/cleanfleet.ch\/fr\/fuer-unternehmen\/\" data-type=\"URL\" data-id=\"https:\/\/cleanfleet.ch\/fuer-unternehmen\/\">\u00c9tapes pour obtenir une distinction Clean Fleet<\/a><\/p>\n<\/div>\n\n\n\n<div class=\"wp-block-column is-layout-flow wp-block-column-is-layout-flow\">\n<img loading=\"lazy\" decoding=\"async\" width=\"150\" height=\"172\" class=\"wp-image-1096\" style=\"width: 150px;\" src=\"https:\/\/cleanfleet.ch\/wp-content\/uploads\/2023\/07\/Cleanfleet_LW_-Argent_fr.svg\" alt=\"\">\n\n\n\n<h5 class=\"wp-block-heading\" id=\"block-420506fa-68b1-4e14-80c9-7b5d89d44170\">Clean Fleet<br>Argent<\/h5>\n\n\n\n<p>Les entreprises ayant obtenu la distinction Clean Fleet Argent exploitent une flotte de v\u00e9hicules de livraison r\u00e9pondant aux crit\u00e8res de la <a href=\"https:\/\/cleanfleet.ch\/fr\/haeufige-fragen-faqs\/\" data-type=\"page\" data-id=\"161\">Courbe de r\u00e9duction Argent<\/a>.<\/p>\n\n\n\n<p class=\"translation-block\">Les nouveaux v\u00e9hicules \u00e9mettent 10 g de CO<sub>2<\/sub> en moins par km que ne l'exige la courbe de r\u00e9f\u00e9rence (l\u00e9gale*). <br>Ces flottes atteignent le niveau z\u00e9ro \u00e9mission de CO<sub>2<\/sub> au plus tard en 2035.<\/p>\n<\/div>\n<\/div>\n<\/div>\n\n\n\n<div class=\"wp-block-column is-layout-flow wp-block-column-is-layout-flow\">\n<div class=\"wp-block-columns is-layout-flex wp-container-core-columns-is-layout-9d6595d7 wp-block-columns-is-layout-flex\">\n<div class=\"wp-block-column is-layout-flow wp-block-column-is-layout-flow\">\n<img loading=\"lazy\" decoding=\"async\" width=\"150\" height=\"172\" class=\"wp-image-1095\" style=\"width: 150px;\" src=\"https:\/\/cleanfleet.ch\/wp-content\/uploads\/2023\/07\/Cleanfleet_LW_Or_fr.svg\" alt=\"\">\n\n\n\n<h5 class=\"wp-block-heading\" id=\"block-218bed3a-3129-4a80-ab50-bef2e1eaa4bd\">Clean Fleet<br>Or<\/h5>\n\n\n\n<p>Les entreprises ayant obtenu la distinction Clean Fleet Or exploitent une flotte de v\u00e9hicules de livraison r\u00e9pondant aux crit\u00e8res de la <a href=\"https:\/\/cleanfleet.ch\/fr\/haeufige-fragen-faqs\/\" data-type=\"page\" data-id=\"161\">Courbe de r\u00e9duction Or<\/a>.<\/p>\n\n\n\n<p class=\"translation-block\">Les nouveaux v\u00e9hicules \u00e9mettent 20 g de CO<sub>2<\/sub> en moins par km que ne l'exige la courbe de r\u00e9f\u00e9rence (l\u00e9gale*). <br>Ces flottes atteignent le niveau z\u00e9ro \u00e9mission de CO<sub>2<\/sub> au plus tard en 2033.<\/p>\n<\/div>\n\n\n\n<div class=\"wp-block-column is-layout-flow wp-block-column-is-layout-flow\">\n<img loading=\"lazy\" decoding=\"async\" width=\"150\" height=\"172\" class=\"wp-image-1094\" style=\"width: 150px;\" src=\"https:\/\/cleanfleet.ch\/wp-content\/uploads\/2023\/07\/Cleanfleet_LW_Platine_fr.svg\" alt=\"\">\n\n\n\n<h5 class=\"wp-block-heading\" id=\"block-b0f9ccf1-53e8-488e-9f27-c98c325e17a1\">Clean Fleet<br>Platine<\/h5>\n\n\n\n<p>Les entreprises ayant obtenu la distinction Clean Fleet Platine exploitent une flotte de v\u00e9hicules de livraison r\u00e9pondant aux crit\u00e8res de la <a href=\"https:\/\/cleanfleet.ch\/fr\/haeufige-fragen-faqs\/\" data-type=\"page\" data-id=\"161\">Courbe de r\u00e9duction Platine<\/a>.<\/p>\n\n\n\n<p class=\"translation-block\">Les nouveaux v\u00e9hicules \u00e9mettent 55 g de CO<sub>2<\/sub> en moins par km que ne l'exige la courbe de r\u00e9f\u00e9rence (l\u00e9gale*). <br>Ces flottes-l\u00e0 atteignent le niveau z\u00e9ro \u00e9mission de CO<sub>2<\/sub> au plus tard en 2030.<\/p>\n<\/div>\n<\/div>\n<\/div>\n<\/div>\n<\/div>\n<\/div>\n\n\n\n<h2 class=\"wp-block-heading\" id=\"flotten-okostrom\">Flottes fonctionnant \u00e0 l'\u00e9lectricit\u00e9 verte certifi\u00e9e<\/h2>\n\n\n\n<p class=\"translation-block\">Si les v\u00e9hicules \u00e9lectriques sont recharg\u00e9s avec de l'<a href=\"https:\/\/cleanfleet.ch\/fr\/oekostrom-und-biogas\/\" data-type=\"page\" data-id=\"795\" target=\"_self\">\u00c9lectricit\u00e9 verte certifi\u00e9e<\/a>, l'entreprise obtient en plus la mention \u201estar\u201c sur le logo de distinction de sa flotte de v\u00e9hicules de tourisme ou de livraison (les illustrations ci-dessous montrent cette mention de mani\u00e8re isol\u00e9e ainsi que pour l'exemple d'une flotte de voitures de tourisme Clean Fleet Or).<\/p>\n\n\n\n<div class=\"wp-block-columns is-layout-flex wp-container-core-columns-is-layout-9d6595d7 wp-block-columns-is-layout-flex\">\n<div class=\"wp-block-column is-layout-flow wp-block-column-is-layout-flow\" style=\"flex-basis:50%\">\n<p class=\"has-text-align-left\"><img loading=\"lazy\" decoding=\"async\" width=\"200\" height=\"200\" class=\"wp-image-1101\" style=\"width: 200px;\" src=\"https:\/\/cleanfleet.ch\/wp-content\/uploads\/2023\/06\/star_gold.svg\" alt=\"\"><\/p>\n<\/div>\n\n\n\n<div class=\"wp-block-column is-layout-flow wp-block-column-is-layout-flow\" style=\"flex-basis:50%\">\n<p class=\"has-text-align-left\"><img loading=\"lazy\" decoding=\"async\" width=\"200\" height=\"181\" class=\"wp-image-1147\" style=\"width: 200px;\" src=\"https:\/\/cleanfleet.ch\/wp-content\/uploads\/2023\/07\/Cleanfleet_PW_Or_star_fr.svg\" alt=\"\" sizes=\"auto, (max-width: 200px) 100vw, 200px\" \/><\/p>\n<\/div>\n<\/div>\n\n\n\n<p class=\"has-text-align-center\">                     <\/p>","protected":false},"excerpt":{"rendered":"<p>Die Auszeichnungsstufen von Clean Fleet erreichen Firmen, die ihre Fahrzeugflotte \u00fcberdurchschnittlich schnell nachhaltig ausrichten. Bei der Bewirtschaftung der Personen- und Lieferwagenflotte verfolgen Unternehmen mit ihren Firmenfahrzeugen einen CO2-Absenkpfad, der das <a class=\"read-more\" href=\"https:\/\/cleanfleet.ch\/fr\/fuer-unternehmen\/clean-fleet-stufen\/\">&#8230; continuer la lecture<\/a><\/p>","protected":false},"author":5,"featured_media":1435,"parent":1060,"menu_order":1,"comment_status":"closed","ping_status":"closed","template":"","meta":{"_acf_changed":false,"footnotes":""},"class_list":["post-1062","page","type-page","status-publish","has-post-thumbnail","hentry"],"acf":{"page_subline":""},"_links":{"self":[{"href":"https:\/\/cleanfleet.ch\/fr\/wp-json\/wp\/v2\/pages\/1062","targetHints":{"allow":["GET"]}}],"collection":[{"href":"https:\/\/cleanfleet.ch\/fr\/wp-json\/wp\/v2\/pages"}],"about":[{"href":"https:\/\/cleanfleet.ch\/fr\/wp-json\/wp\/v2\/types\/page"}],"author":[{"embeddable":true,"href":"https:\/\/cleanfleet.ch\/fr\/wp-json\/wp\/v2\/users\/5"}],"replies":[{"embeddable":true,"href":"https:\/\/cleanfleet.ch\/fr\/wp-json\/wp\/v2\/comments?post=1062"}],"version-history":[{"count":28,"href":"https:\/\/cleanfleet.ch\/fr\/wp-json\/wp\/v2\/pages\/1062\/revisions"}],"predecessor-version":[{"id":1226,"href":"https:\/\/cleanfleet.ch\/fr\/wp-json\/wp\/v2\/pages\/1062\/revisions\/1226"}],"up":[{"embeddable":true,"href":"https:\/\/cleanfleet.ch\/fr\/wp-json\/wp\/v2\/pages\/1060"}],"wp:featuredmedia":[{"embeddable":true,"href":"https:\/\/cleanfleet.ch\/fr\/wp-json\/wp\/v2\/media\/1435"}],"wp:attachment":[{"href":"https:\/\/cleanfleet.ch\/fr\/wp-json\/wp\/v2\/media?parent=1062"}],"curies":[{"name":"wp","href":"https:\/\/api.w.org\/{rel}","templated":true}]}}