{"id":1060,"date":"2023-06-15T17:10:28","date_gmt":"2023-06-15T15:10:28","guid":{"rendered":"https:\/\/cleanfleet.ch\/?page_id=1060"},"modified":"2026-02-19T16:05:49","modified_gmt":"2026-02-19T15:05:49","slug":"fuer-unternehmen","status":"publish","type":"page","link":"https:\/\/cleanfleet.ch\/fr\/fuer-unternehmen\/","title":{"rendered":"Progressivement, des entreprises obtiennent les distinctions Clean Fleet Argent, Or ou Platine"},"content":{"rendered":"<p>Le chemin vers une flotte d'entreprise durable est souvent sem\u00e9 d'emb\u00fbches. Dans le domaine de la gestion des flottes, on observe encore une certaine r\u00e9ticence \u00e0 \u00e9voluer vers des propulsions alternatives. Les sujets suivants pr\u00e9occupent : co\u00fbts d'acquisition \u00e9lev\u00e9s \/ prix parfois en hausse, choix de mod\u00e8les insatisfaisant, longs d\u00e9lais de livraison, financement et installation de l'infrastructure de recharge sur le site de l'entreprise et au domicile des collaborateurs, peur d'un manque d'autonomie, etc.<\/p>\n\n\n\n<p class=\"translation-block\">Pourtant, une orientation moderne en mati\u00e8re de RSE (responsabilit\u00e9 sociale des entreprises) implique une r\u00e9duction des \u00e9missions de CO<sub>2<\/sub> et un renoncement \u00e0 des flottes exclusivement compos\u00e9es de v\u00e9hicules \u00e0 combustion.<\/p>\n\n\n\n<p>Clean Fleet met en avant des cas exemplaires d' <a href=\"https:\/\/cleanfleet.ch\/fr\/firmen-mit-clean-fleet-status\/\" data-type=\"page\" data-id=\"1068\">entreprises qui transforment particuli\u00e8rement rapidement leurs flottes vers davantage de durabilit\u00e9<\/a>.\u00a0De plus, Clean Fleet soutient les entreprises qui souhaitent amorcer ce processus de transformation.<\/p>\n\n\n\n<p>Selon le rythme de d\u00e9carbonisation de leurs flottes, les entreprises obtiennent une <a href=\"https:\/\/cleanfleet.ch\/fr\/clean-fleet-stufen\/\" data-type=\"page\" data-id=\"1062\">distinction Clean Fleet Argent, Or ou Platine<\/a> . De plus, si les v\u00e9hicules \u00e9lectriques sont recharg\u00e9s avec de l'&nbsp;<a href=\"https:\/\/cleanfleet.ch\/fr\/oekostrom-und-biogas\/\" data-type=\"page\" data-id=\"795\">\u00c9lectricit\u00e9 verte certifi\u00e9e<\/a>, une distinction suppl\u00e9mentaire \u201estar\u201c est d\u00e9cern\u00e9e en partenariat avec le label d'\u00e9lectricit\u00e9 certifi\u00e9e \u201enaturemade Star\u201c. Il est ainsi possible de voir quelles flottes sont exemplaires tant en mati\u00e8re de protection du climat que de protection de la biodiversit\u00e9.&nbsp;<\/p>\n\n\n\n<p>Rejoignez-nous! Clean Fleet et ses partenaires vous accompagnent volontiers sur le chemin d'une transformation de votre flotte vers davantage de durabilit\u00e9 et vers l'obtention d'une distinction Clean Fleet Argent, Or ou Platine.<\/p>\n\n\n\n<div style=\"height:50px\" aria-hidden=\"true\" class=\"wp-block-spacer\"><\/div>\n\n\n\n<p>Nous comptons actuellement:<\/p>\n\n\n\n<hr class=\"wp-block-separator has-alpha-channel-opacity\"\/>\n\n\n\n<div class=\"wp-block-columns is-layout-flex wp-container-core-columns-is-layout-9d6595d7 wp-block-columns-is-layout-flex\">\n<div class=\"wp-block-column is-layout-flow wp-block-column-is-layout-flow\" style=\"flex-basis:50%\">\n<h2 class=\"wp-block-heading\"><mark style=\"background-color:rgba(0, 0, 0, 0)\" class=\"has-inline-color has-pale-cyan-blue-color\"><strong>192<\/strong><\/mark><\/h2>\n\n\n\n<blockquote class=\"wp-block-quote is-layout-flow wp-block-quote-is-layout-flow\">\n<p class=\"translation-block\">Flottes d'entreprise ayant entam\u00e9 un processus de conversion vers des v\u00e9hicules \u00e0 faible \u00e9mission en CO<sub>2<\/sub>\u00a0<\/p>\n<\/blockquote>\n<\/div>\n\n\n\n<div class=\"wp-block-column is-layout-flow wp-block-column-is-layout-flow\" style=\"flex-basis:50%\">\n<h2 class=\"wp-block-heading\"><mark style=\"background-color:rgba(0, 0, 0, 0)\" class=\"has-inline-color has-pale-cyan-blue-color\"><strong>38<\/strong><\/mark><\/h2>\n\n\n\n<blockquote class=\"wp-block-quote is-layout-flow wp-block-quote-is-layout-flow\">\n<p>Flottes d'entreprise ayant obtenu une distinction Clean Fleet Argent, Or ou Platine<\/p>\n<\/blockquote>\n<\/div>\n<\/div>\n\n\n\n<hr class=\"wp-block-separator has-alpha-channel-opacity\"\/>\n\n\n\n<p class=\"has-text-align-right\"><sub>Situation en d\u00e9cembre 2025<\/sub><\/p>\n\n\n\n<div style=\"height:76px\" aria-hidden=\"true\" class=\"wp-block-spacer\"><\/div>\n\n\n\n<h2 class=\"wp-block-heading\" id=\"schritte\">\u00c9tapes pour obtenir une distinction Clean Fleet<\/h2>\n\n\n\n<p><strong>1. O\u00f9 en \u00eates-vous avec votre flotte de v\u00e9hicules de tourisme ou de livraison?<\/strong><\/p>\n\n\n\n<p>Contactez-nous et envoyez-nous les donn\u00e9es de vos v\u00e9hicules (les num\u00e9ros de matricule suffisent, par exemple celles de vos acquisitions de l'an pass\u00e9). En quelques clics, vos v\u00e9hicules seront saisis dans l'outil en ligne Clean Fleet et nous vous pr\u00e9senterons le r\u00e9sultat (gratuit). Votre flotte a-t-elle d'ores et d\u00e9j\u00e0 atteint un niveau de distinction Clean Fleet? Vous pouvez bien s\u00fbr aussi tester notre outil en saisissant vous-m\u00eames vos num\u00e9ros de matricule. Pour obtenir un compte personnel d'entreprise, contactez-nous:&nbsp;<a href=\"mailto:michael.flamm@cleanfleet.ch\" target=\"_blank\" rel=\"noreferrer noopener\">lisa-maria.graf@cleanfleet.ch<\/a>&nbsp;ou <a href=\"mailto:kurt.egli@cleanfleet.ch\" target=\"_blank\" rel=\"noreferrer noopener\">kurt.egli@cleanfleet.ch<\/a>.<\/p>\n\n\n\n<p><strong>2. Vous avez besoin d'aide pour le processus de transformation de votre flotte?<\/strong><\/p>\n\n\n\n<p class=\"translation-block\">Avec notre r\u00e9seau de partenaires, nous vous conseillons volontiers pour vous engager ou pour mettre en oeuvre le processus de conversion de votre flotte vers des v\u00e9hicules \u00e0 faible \u00e9mission de CO<sub>2<\/sub>.<\/p>\n\n\n\n<p><strong>3. Communiquez votre niveau de distinction Clean Fleet<\/strong><\/p>\n\n\n\n<p>Mettez en avant vos efforts de transformation de votre flotte gr\u00e2ce aux <a href=\"https:\/\/cleanfleet.ch\/fr\/clean-fleet-stufen\/\" data-type=\"page\" data-id=\"1062\">niveaux de distinction Argent, Or et Platine<\/a>. Gr\u00e2ce aux logos fournis par Clean Fleet, vous pourrez mettre en avant depuis quand votre flotte est g\u00e9r\u00e9e de mani\u00e8re particuli\u00e8rement durable (par exemple sur votre site web, dans vos signatures Email, etc.).<\/p>\n\n\n\n<div class=\"wp-block-columns is-layout-flex wp-container-core-columns-is-layout-9d6595d7 wp-block-columns-is-layout-flex\">\n<div class=\"wp-block-column is-layout-flow wp-block-column-is-layout-flow\">\n<img loading=\"lazy\" decoding=\"async\" width=\"360\" height=\"351\" class=\"wp-image-1250\" style=\"width: 360px;\" src=\"https:\/\/cleanfleet.ch\/wp-content\/uploads\/2023\/07\/PW-LW_Transformation.svg\" alt=\"\">\n<\/div>\n\n\n\n<div class=\"wp-block-column is-layout-flow wp-block-column-is-layout-flow\">\n<img loading=\"lazy\" decoding=\"async\" width=\"260\" height=\"298\" class=\"wp-image-1182\" style=\"width: 260px;\" src=\"https:\/\/cleanfleet.ch\/wp-content\/uploads\/2023\/07\/Cleanfleet_LW_-Argent_depuis_2015_fr.svg\" alt=\"\">\n<\/div>\n<\/div>\n\n\n\n<div class=\"wp-block-columns is-layout-flex wp-container-core-columns-is-layout-9d6595d7 wp-block-columns-is-layout-flex\">\n<div class=\"wp-block-column is-layout-flow wp-block-column-is-layout-flow\">\n<img loading=\"lazy\" decoding=\"async\" width=\"260\" height=\"298\" class=\"wp-image-1180\" style=\"width: 260px;\" src=\"https:\/\/cleanfleet.ch\/wp-content\/uploads\/2023\/07\/Cleanfleet_PW_OR_depuis_2018.svg\" alt=\"\">\n<\/div>\n\n\n\n<div class=\"wp-block-column is-layout-flow wp-block-column-is-layout-flow\">\n<img loading=\"lazy\" decoding=\"async\" width=\"350\" height=\"342\" class=\"wp-image-1183\" style=\"width: 350px;\" src=\"https:\/\/cleanfleet.ch\/wp-content\/uploads\/2023\/07\/PW-LW_Platine2022_fr.svg\" alt=\"\">\n<\/div>\n<\/div>\n\n\n\n<p><strong>4. Suivi annuel avec l'outil en ligne<\/strong><\/p>\n\n\n\n<p class=\"translation-block\">Gr\u00e2ce \u00e0 notre <a href=\"https:\/\/cleanfleet.ch\/fr\/online-tool\/\" data-type=\"page\" data-id=\"1103\" target=\"_self\">outil en ligne<\/a>, vous pouvez visualiser les \u00e9missions de CO<sub>2<\/sub> de votre flotte et planifier les acquisitions de v\u00e9hicules de mani\u00e8re \u00e9co-responsable.<\/p>","protected":false},"excerpt":{"rendered":"<p>Der Weg zur nachhaltigen Firmenflotte ist oft steinig. Im Fuhrparkmanagement ist noch immer eine Zur\u00fcckhaltung bei der Flottentransformation hin zu alternativen Antrieben zu beobachten. Es besch\u00e4ftigen folgende Themen: Hohe Anschaffungskosten <a class=\"read-more\" href=\"https:\/\/cleanfleet.ch\/fr\/fuer-unternehmen\/\">&#8230; continuer la lecture<\/a><\/p>","protected":false},"author":5,"featured_media":1435,"parent":0,"menu_order":3,"comment_status":"closed","ping_status":"closed","template":"","meta":{"_acf_changed":false,"footnotes":""},"class_list":["post-1060","page","type-page","status-publish","has-post-thumbnail","hentry"],"acf":{"page_subline":""},"_links":{"self":[{"href":"https:\/\/cleanfleet.ch\/fr\/wp-json\/wp\/v2\/pages\/1060","targetHints":{"allow":["GET"]}}],"collection":[{"href":"https:\/\/cleanfleet.ch\/fr\/wp-json\/wp\/v2\/pages"}],"about":[{"href":"https:\/\/cleanfleet.ch\/fr\/wp-json\/wp\/v2\/types\/page"}],"author":[{"embeddable":true,"href":"https:\/\/cleanfleet.ch\/fr\/wp-json\/wp\/v2\/users\/5"}],"replies":[{"embeddable":true,"href":"https:\/\/cleanfleet.ch\/fr\/wp-json\/wp\/v2\/comments?post=1060"}],"version-history":[{"count":54,"href":"https:\/\/cleanfleet.ch\/fr\/wp-json\/wp\/v2\/pages\/1060\/revisions"}],"predecessor-version":[{"id":1673,"href":"https:\/\/cleanfleet.ch\/fr\/wp-json\/wp\/v2\/pages\/1060\/revisions\/1673"}],"wp:featuredmedia":[{"embeddable":true,"href":"https:\/\/cleanfleet.ch\/fr\/wp-json\/wp\/v2\/media\/1435"}],"wp:attachment":[{"href":"https:\/\/cleanfleet.ch\/fr\/wp-json\/wp\/v2\/media?parent=1060"}],"curies":[{"name":"wp","href":"https:\/\/api.w.org\/{rel}","templated":true}]}}