{"id":10,"date":"2016-10-24T17:09:35","date_gmt":"2016-10-24T15:09:35","guid":{"rendered":"https:\/\/cleanfleet.ch\/?page_id=10"},"modified":"2025-09-16T23:02:43","modified_gmt":"2025-09-16T21:02:43","slug":"impressum","status":"publish","type":"page","link":"https:\/\/cleanfleet.ch\/fr\/impressum\/","title":{"rendered":"Impressum"},"content":{"rendered":"<h3 class=\"wp-block-heading\">L'association Clean Fleet<\/h3>\n\n\n\n<p>L\u2019association Clean Fleet, fond\u00e9e en \u00e9t\u00e9 2016, s\u2019engage pour des flottes de v\u00e9hicules plus \u00e9cologiques. Clean Fleet apporte une contribution concr\u00e8te aux efforts visant \u00e0 respecter les engagements de l\u2019Accord de Paris sur le climat dans le domaine des carburants. Le d\u00e9veloppement du programme est assur\u00e9 par les responsables \u00e0 l\u2019interne (comit\u00e9, directeur), soutenus par un groupe d\u2019accompagnement compos\u00e9 d\u2019un cercle d\u2019experts du domaine.<\/p>\n\n\n\n<h3 class=\"wp-block-heading\">Contact<\/h3>\n\n\n\n<p class=\"translation-block\">Kurt Egli<br>Directeur de Clean Fleet et secr\u00e9tariat allemand<br>Am\u00e9nagiste EPFZ, expert en mobilit\u00e9<br>B\u00fcro f\u00fcr Raum- und Umweltplanung Kurt Egli<br>Obergasse 15<br>8400 Winterthur<br>052 212 84 00<br><a href=\"mailto:kurt.egli@cleanfleet.ch\" target=\"_self\">kurt.egli@cleanfleet.ch<\/a><\/p>\n\n\n\n<p class=\"translation-block\">Julia Song<br>Responsable partenaires et entreprises<br>Am\u00e9nagiste EPFZ, Sciences naturelles environnementales<br>B\u00fcro f\u00fcr Raum- und Umweltplanung Kurt Egli<br>Obergasse 15<br>8400 Winterthur<br>052 212 84 00<br><a href=\"mailto:julia.song@cleanfleet.ch\" target=\"_self\">julia.song@cleanfleet.ch<\/a><\/p>\n\n\n\n<h3 class=\"wp-block-heading\">Droit de reproduction<\/h3>\n\n\n\n<p>Toute utilisation ou copie de texte et\/ou d\u2019images et de graphiques doit d\u2019abord \u00eatre valid\u00e9e par \u00e9crit par l\u2019association Clean Fleet. Il est obligatoire de mentionner Clean Fleet en tant que propri\u00e9taire. Ceci est \u00e9galement vrai pour l\u2019utilisation du logo de Clean Fleet qui requiert donc \u00e9galement la permission \u00e9crite de l\u2019association.<\/p>\n\n\n\n<h3 class=\"wp-block-heading\">Programmation<\/h3>\n\n\n\n<p>Maurice Naef Webdesigner<br>Steinberggasse 54<br>8400 Winterthur<\/p>\n\n\n\n<h3 class=\"wp-block-heading\">Graphisme<\/h3>\n\n\n\n<p>blitzartgrafik Nathalie Gaggini<br>Steinberggasse 54<br>8400 Winterthur<\/p>\n\n\n\n<h3 class=\"wp-block-heading\">R\u00e9daction<\/h3>\n\n\n\n<p>Kurt Egli, Marianne Hager et Julia Song, Winterthur.<\/p>\n\n\n\n<h3 class=\"wp-block-heading\">Traduction<\/h3>\n\n\n\n<p>Caroline Beglinger Fedorova, Biel-Bienne, Dominique Von der M\u00fchl, Penthalaz, et Michael Flamm, Nyon.<\/p>\n\n\n\n<h3 class=\"wp-block-heading\">D\u00e9claration de protection de donn\u00e9es<\/h3>\n\n\n\n<p><a href=\"https:\/\/cleanfleet.ch\/wp-content\/uploads\/2021\/11\/FR_CleanFleet_PolitiqueConfidentialite.pdf\" target=\"_blank\" rel=\"noreferrer noopener\">D\u00e9claration de protection de donn\u00e9es<\/a><\/p>\n\n\n\n<div id=\"privpol_div_rich_text_preview\" class=\"uk-width-1-1\">\n<p>\u00a0<\/p>\n<\/div>","protected":false},"excerpt":{"rendered":"<p>Verein Clean Fleet Der Verein Clean Fleet wurde im Sommer 2016 gegr\u00fcndet und engagiert sich f\u00fcr umweltfreundliche Fahrzeugflotten. Clean Fleet will dabei einen effektiven Beitrag leisten zu den Bestrebungen, die <a class=\"read-more\" href=\"https:\/\/cleanfleet.ch\/fr\/impressum\/\">&#8230; continuer la lecture<\/a><\/p>","protected":false},"author":1,"featured_media":0,"parent":0,"menu_order":20,"comment_status":"closed","ping_status":"closed","template":"","meta":{"_acf_changed":false,"footnotes":""},"class_list":["post-10","page","type-page","status-publish","hentry"],"acf":{"page_subline":""},"_links":{"self":[{"href":"https:\/\/cleanfleet.ch\/fr\/wp-json\/wp\/v2\/pages\/10","targetHints":{"allow":["GET"]}}],"collection":[{"href":"https:\/\/cleanfleet.ch\/fr\/wp-json\/wp\/v2\/pages"}],"about":[{"href":"https:\/\/cleanfleet.ch\/fr\/wp-json\/wp\/v2\/types\/page"}],"author":[{"embeddable":true,"href":"https:\/\/cleanfleet.ch\/fr\/wp-json\/wp\/v2\/users\/1"}],"replies":[{"embeddable":true,"href":"https:\/\/cleanfleet.ch\/fr\/wp-json\/wp\/v2\/comments?post=10"}],"version-history":[{"count":21,"href":"https:\/\/cleanfleet.ch\/fr\/wp-json\/wp\/v2\/pages\/10\/revisions"}],"predecessor-version":[{"id":919,"href":"https:\/\/cleanfleet.ch\/fr\/wp-json\/wp\/v2\/pages\/10\/revisions\/919"}],"wp:attachment":[{"href":"https:\/\/cleanfleet.ch\/fr\/wp-json\/wp\/v2\/media?parent=10"}],"curies":[{"name":"wp","href":"https:\/\/api.w.org\/{rel}","templated":true}]}}